{"id":6687,"date":"2025-11-20T17:38:49","date_gmt":"2025-11-20T16:38:49","guid":{"rendered":"https:\/\/kraftmuller.ma\/?post_type=product&#038;p=6687"},"modified":"2025-11-20T17:41:06","modified_gmt":"2025-11-20T16:41:06","slug":"6687","status":"publish","type":"product","link":"https:\/\/kraftmuller.ma\/?product=6687","title":{"rendered":"KRAFTMULLER un plateau de cl\u00e9s mixe fixes en pouces"},"content":{"rendered":"<h2 class=\"h5\">Set de Cl\u00e9s \u00e0 Cliquet Professionnel Kraft M\u00fcller KM-50PCS<\/h2>\n<p>Voici la bo\u00eete \u00e0 cl\u00e9s KraftMuller \u2013 KM-50PCS, une bo\u00eete \u00e0 outils compl\u00e8te con\u00e7ue pour offrir une large gamme de cl\u00e9s adapt\u00e9es \u00e0 diverses applications. Comprend 50 touches de pr\u00e9cision, id\u00e9ales pour les m\u00e9caniciens, les artisans et les passionn\u00e9s de bricolage. Cette valise propose une collection polyvalente de cl\u00e9s de diff\u00e9rentes tailles, parfaites pour les projets automobiles, les r\u00e9parations domestiques et les travaux industriels. Les touches sont con\u00e7ues pour offrir des performances exceptionnelles, une durabilit\u00e9 et une facilit\u00e9 d\u2019utilisation, tout en \u00e9tant prot\u00e9g\u00e9es contre les dommages et la corrosion gr\u00e2ce \u00e0 son bo\u00eetier durable. KraftMuller est synonyme de qualit\u00e9 et ce cas ne fait pas exception, vous permettant d\u2019aborder un large \u00e9ventail de t\u00e2ches avec confiance et pr\u00e9cision.<\/p>\n<ul>\n<li>Poids : 4,5 kg<\/li>\n<li>Marque : KraftMuller<\/li>\n<\/ul>\n<p>10 mixte, anneau lat\u00e9ral respectivement 15 \u00b0 angle avec 12 points professionnels. dans les suivants<br \/>\nlargeurs de cl\u00e9 m\u00e9triques :<br \/>\n10 mm, longueur 140 mm<br \/>\n11 mm, longueur 150 mm<br \/>\n12 mm, longueur 160 mm<br \/>\n13 mm, longueur 170 mm<br \/>\n14 mm, longueur 180 mm<br \/>\n15 mm, longueur 190 mm<br \/>\n16 mm, longueur 200 mm<br \/>\n17 mm, longueur 210 mm<br \/>\n18 mm, longueur 220 mm<br \/>\n19 et 229 mm de longueur<br \/>\n10 mixte, anneau lat\u00e9ral respectivement angle de 15 \u00b0 avec profil de 12 points. par la largeur de cl\u00e9 suivante<br \/>\nen pouces :<br \/>\n1 \/ 4 \u00ab\u00a0largeur (6,4 mm), longueur 100 mm5 \/ 16 \u00ab\u00a0taille cl\u00e9 (8,2 mm), longueur 120 mm<br \/>\n3 \/ 8 \u00ab\u00a0cl\u00e9 de taille (9,8 mm), longueur 140 mm<br \/>\n7 \/ 16 \u00ab\u00a0cl\u00e9 de taille (11.4 mm), longueur 150 mm<br \/>\n1 \/ 2 \u00ab\u00a0cl\u00e9 de taille (13,0 mm), longueur 170 mm<br \/>\n9 \/ 16 \u00ab\u00a0cl\u00e9 de taille (14,6 mm), longueur 180 mm<br \/>\n5 \/ 8 \u00ab\u00a0cl\u00e9 de taille (16.2 mm), longueur 200 mm<br \/>\n11 \/ 16 \u00ab\u00a0(18.0 mm) de largeur, longueur 210 mm<br \/>\n3 \/ 4 \u00ab\u00a0cl\u00e9 de taille (19,5 mm), longueur 230 mm<br \/>\n7 \/ 8 \u00ab\u00a0taille cl\u00e9 (22,7 mm), longueur 260 mm<br \/>\n5 mixte court, anneau lat\u00e9ral respectivement angle de 15 \u00b0 avec profil de 12 points. dans les suivants<br \/>\nlargeurs de cl\u00e9 m\u00e9trique :<br \/>\n10 mm, longueur 99 mm<br \/>\n12 mm, longueur 106 mm<br \/>\n13 mm, longueur 112 mm<br \/>\n14 mm, longueur 118 mm<br \/>\n17 mm, longueur 131 mm<br \/>\n5 mixte court, anneau lat\u00e9ral respectivement angle de 15 \u00b0 avec profil\u00e9 de 12 points. par la cl\u00e9 suivante<br \/>\nlargeur en pouces :<br \/>\n3 \/ 8 \u00ab\u00a0cl\u00e9 de taille (9,8 mm), longueur 98 mm<br \/>\n7 \/ 16 \u00ab\u00a0cl\u00e9 de taille (11,4 mm), longueur 106 mm<br \/>\n1 \/ 2 \u00ab\u00a0cl\u00e9 de taille (13,0 mm), longueur 111 mm<br \/>\n9 \/ 16 \u00ab\u00a0cl\u00e9 de taille (14,6 mm), longueur 118 mm<br \/>\n5 \/ 8 \u00a0\u00bb cl\u00e9 de taille (16.2 mm), longueur 125 mm<br \/>\n5 Forme S &#8211; double extr\u00e9mit\u00e9 polygonale, avec profil \u00e0 12 points. Dans les largeurs de cl\u00e9 m\u00e9triques suivantes<br \/>\nlargeurs de cl\u00e9 suivantes :<br \/>\n10 x 11 mm<br \/>\n12 x 13 mm<br \/>\n14 x 15 mm<br \/>\n16 x 17 mm<br \/>\n18 x 19 mm5 Forme S &#8211; double extr\u00e9mit\u00e9 polygonale, avec profil \u00e0 12 points. par la cl\u00e9 suivante largeur en<br \/>\npouces :<br \/>\nsuivante cl\u00e9e en pouce :<br \/>\n3\/8 \u00a0\u00bb x 13\/32 \u00a0\u00bb<br \/>\n7\/16 \u00a0\u00bb x 1\/2 \u00a0\u00bb<br \/>\n9\/16 \u00a0\u00bb x 19\/32 \u00a0\u00bb<br \/>\n5\/8 \u00a0\u00bb x 11\/16 \u00a0\u00bb<br \/>\n11\/16 \u00ab\u00a0x 3\/4 \u00a0\u00bb<br \/>\n5 C-form &#8211; double polygone compl\u00e9t\u00e9, avec profil \u00e0 12 points. dans la cl\u00e9 m\u00e9trique suivante<br \/>\nlargeurs :<br \/>\n8 x 10 mm<br \/>\n11 x 13 mm<br \/>\n14 x 15 mm<br \/>\n17 x 19 mm<br \/>\n21 x 22 mm<br \/>\n5 Forme C &#8211; double polygone compl\u00e9t\u00e9, avec profil \u00e0 12 points. par la largeur de cl\u00e9 suivante<br \/>\nen pouces :<br \/>\n5\/16 \u00ab\u00a0x 3\/8&Prime;<br \/>\n7\/16 \u00a0\u00bb x 1\/2 \u00a0\u00bb<br \/>\n9\/16 \u00a0\u00bb x 5\/8 \u00a0\u00bb<br \/>\n11\/16 \u00ab\u00a0x 3\/4&Prime;<br \/>\n13\/16 \u00a0\u00bb x 7\/8 \u00ab\u00a0<\/p>\n","protected":false},"excerpt":{"rendered":"<p>Set de Cl\u00e9s \u00e0 Cliquet Professionnel Kraft M\u00fcller KM-50PCS Voici la bo\u00eete \u00e0 cl\u00e9s KraftMuller \u2013 KM-50PCS, une bo\u00eete \u00e0 outils compl\u00e8te con\u00e7ue pour offrir une large gamme de cl\u00e9s adapt\u00e9es \u00e0 diverses applications. Comprend 50 touches de pr\u00e9cision, id\u00e9ales pour les m\u00e9caniciens, les artisans et les passionn\u00e9s de bricolage. Cette valise propose une collection<\/p>\n<div class=\"klb-readmore button\"><a class=\"btn link\" href=\"https:\/\/kraftmuller.ma\/?product=6687\">Read More <i class=\"klbth-icon-right-arrow\"><\/i><\/a><\/div>\n","protected":false},"featured_media":6690,"template":"","meta":[],"product_brand":[],"product_cat":[194],"product_tag":[],"class_list":{"0":"post-6687","1":"product","2":"type-product","3":"status-publish","4":"has-post-thumbnail","6":"product_cat-equipement-datelier","8":"first","9":"instock","10":"taxable","11":"shipping-taxable","12":"purchasable","13":"product-type-simple"},"yoast_head":"<!-- This site is optimized with the Yoast SEO plugin v25.3.1 - https:\/\/yoast.com\/wordpress\/plugins\/seo\/ -->\n<title>KRAFTMULLER un plateau de cl\u00e9s mixe fixes en pouces - KraftMuller Maroc<\/title>\n<meta name=\"robots\" content=\"index, follow, max-snippet:-1, max-image-preview:large, max-video-preview:-1\" \/>\n<link rel=\"canonical\" href=\"https:\/\/kraftmuller.ma\/?product=6687\" \/>\n<meta property=\"og:locale\" content=\"fr_FR\" \/>\n<meta property=\"og:type\" content=\"article\" \/>\n<meta property=\"og:title\" content=\"KRAFTMULLER un plateau de cl\u00e9s mixe fixes en pouces - KraftMuller Maroc\" \/>\n<meta property=\"og:description\" content=\"Set de Cl\u00e9s \u00e0 Cliquet Professionnel Kraft M\u00fcller KM-50PCS Voici la bo\u00eete \u00e0 cl\u00e9s KraftMuller \u2013 KM-50PCS, une bo\u00eete \u00e0 outils compl\u00e8te con\u00e7ue pour offrir une large gamme de cl\u00e9s adapt\u00e9es \u00e0 diverses applications. Comprend 50 touches de pr\u00e9cision, id\u00e9ales pour les m\u00e9caniciens, les artisans et les passionn\u00e9s de bricolage. Cette valise propose une collectionRead More\" \/>\n<meta property=\"og:url\" content=\"https:\/\/kraftmuller.ma\/?product=6687\" \/>\n<meta property=\"og:site_name\" content=\"KraftMuller Maroc\" \/>\n<meta property=\"article:modified_time\" content=\"2025-11-20T16:41:06+00:00\" \/>\n<meta property=\"og:image\" content=\"https:\/\/kraftmuller.ma\/wp-content\/uploads\/kraftmullerxwk-1024x766.png\" \/>\n\t<meta property=\"og:image:width\" content=\"1024\" \/>\n\t<meta property=\"og:image:height\" content=\"766\" \/>\n\t<meta property=\"og:image:type\" content=\"image\/png\" \/>\n<meta name=\"twitter:card\" content=\"summary_large_image\" \/>\n<meta name=\"twitter:label1\" content=\"Dur\u00e9e de lecture estim\u00e9e\" \/>\n\t<meta name=\"twitter:data1\" content=\"4 minutes\" \/>\n<script type=\"application\/ld+json\" class=\"yoast-schema-graph\">{\"@context\":\"https:\/\/schema.org\",\"@graph\":[{\"@type\":\"WebPage\",\"@id\":\"https:\/\/kraftmuller.ma\/?product=6687\",\"url\":\"https:\/\/kraftmuller.ma\/?product=6687\",\"name\":\"KRAFTMULLER un plateau de cl\u00e9s mixe fixes en pouces - KraftMuller Maroc\",\"isPartOf\":{\"@id\":\"https:\/\/kraftmuller.ma\/#website\"},\"primaryImageOfPage\":{\"@id\":\"https:\/\/kraftmuller.ma\/?product=6687#primaryimage\"},\"image\":{\"@id\":\"https:\/\/kraftmuller.ma\/?product=6687#primaryimage\"},\"thumbnailUrl\":\"https:\/\/kraftmuller.ma\/wp-content\/uploads\/kraftmullerxwk.png\",\"datePublished\":\"2025-11-20T16:38:49+00:00\",\"dateModified\":\"2025-11-20T16:41:06+00:00\",\"breadcrumb\":{\"@id\":\"https:\/\/kraftmuller.ma\/?product=6687#breadcrumb\"},\"inLanguage\":\"fr-FR\",\"potentialAction\":[{\"@type\":\"ReadAction\",\"target\":[\"https:\/\/kraftmuller.ma\/?product=6687\"]}]},{\"@type\":\"ImageObject\",\"inLanguage\":\"fr-FR\",\"@id\":\"https:\/\/kraftmuller.ma\/?product=6687#primaryimage\",\"url\":\"https:\/\/kraftmuller.ma\/wp-content\/uploads\/kraftmullerxwk.png\",\"contentUrl\":\"https:\/\/kraftmuller.ma\/wp-content\/uploads\/kraftmullerxwk.png\",\"width\":2144,\"height\":1604},{\"@type\":\"BreadcrumbList\",\"@id\":\"https:\/\/kraftmuller.ma\/?product=6687#breadcrumb\",\"itemListElement\":[{\"@type\":\"ListItem\",\"position\":1,\"name\":\"Accueil\",\"item\":\"https:\/\/kraftmuller.ma\/\"},{\"@type\":\"ListItem\",\"position\":2,\"name\":\"Shop\",\"item\":\"https:\/\/kraftmuller.ma\/?page_id=121\"},{\"@type\":\"ListItem\",\"position\":3,\"name\":\"KRAFTMULLER un plateau de cl\u00e9s mixe fixes en pouces\"}]},{\"@type\":\"WebSite\",\"@id\":\"https:\/\/kraftmuller.ma\/#website\",\"url\":\"https:\/\/kraftmuller.ma\/\",\"name\":\"KraftMuller Maroc\",\"description\":\"Vente de mat\u00e9riel d&#039;outillage\",\"publisher\":{\"@id\":\"https:\/\/kraftmuller.ma\/#organization\"},\"potentialAction\":[{\"@type\":\"SearchAction\",\"target\":{\"@type\":\"EntryPoint\",\"urlTemplate\":\"https:\/\/kraftmuller.ma\/?s={search_term_string}\"},\"query-input\":{\"@type\":\"PropertyValueSpecification\",\"valueRequired\":true,\"valueName\":\"search_term_string\"}}],\"inLanguage\":\"fr-FR\"},{\"@type\":\"Organization\",\"@id\":\"https:\/\/kraftmuller.ma\/#organization\",\"name\":\"KraftMuller Maroc\",\"url\":\"https:\/\/kraftmuller.ma\/\",\"logo\":{\"@type\":\"ImageObject\",\"inLanguage\":\"fr-FR\",\"@id\":\"https:\/\/kraftmuller.ma\/#\/schema\/logo\/image\/\",\"url\":\"https:\/\/kraftmuller.ma\/wp-content\/uploads\/2023\/04\/kraftunited.png\",\"contentUrl\":\"https:\/\/kraftmuller.ma\/wp-content\/uploads\/2023\/04\/kraftunited.png\",\"width\":1214,\"height\":163,\"caption\":\"KraftMuller Maroc\"},\"image\":{\"@id\":\"https:\/\/kraftmuller.ma\/#\/schema\/logo\/image\/\"}}]}<\/script>\n<!-- \/ Yoast SEO plugin. -->","yoast_head_json":{"title":"KRAFTMULLER un plateau de cl\u00e9s mixe fixes en pouces - KraftMuller Maroc","robots":{"index":"index","follow":"follow","max-snippet":"max-snippet:-1","max-image-preview":"max-image-preview:large","max-video-preview":"max-video-preview:-1"},"canonical":"https:\/\/kraftmuller.ma\/?product=6687","og_locale":"fr_FR","og_type":"article","og_title":"KRAFTMULLER un plateau de cl\u00e9s mixe fixes en pouces - KraftMuller Maroc","og_description":"Set de Cl\u00e9s \u00e0 Cliquet Professionnel Kraft M\u00fcller KM-50PCS Voici la bo\u00eete \u00e0 cl\u00e9s KraftMuller \u2013 KM-50PCS, une bo\u00eete \u00e0 outils compl\u00e8te con\u00e7ue pour offrir une large gamme de cl\u00e9s adapt\u00e9es \u00e0 diverses applications. Comprend 50 touches de pr\u00e9cision, id\u00e9ales pour les m\u00e9caniciens, les artisans et les passionn\u00e9s de bricolage. Cette valise propose une collectionRead More","og_url":"https:\/\/kraftmuller.ma\/?product=6687","og_site_name":"KraftMuller Maroc","article_modified_time":"2025-11-20T16:41:06+00:00","og_image":[{"width":1024,"height":766,"url":"https:\/\/kraftmuller.ma\/wp-content\/uploads\/kraftmullerxwk-1024x766.png","type":"image\/png"}],"twitter_card":"summary_large_image","twitter_misc":{"Dur\u00e9e de lecture estim\u00e9e":"4 minutes"},"schema":{"@context":"https:\/\/schema.org","@graph":[{"@type":"WebPage","@id":"https:\/\/kraftmuller.ma\/?product=6687","url":"https:\/\/kraftmuller.ma\/?product=6687","name":"KRAFTMULLER un plateau de cl\u00e9s mixe fixes en pouces - KraftMuller Maroc","isPartOf":{"@id":"https:\/\/kraftmuller.ma\/#website"},"primaryImageOfPage":{"@id":"https:\/\/kraftmuller.ma\/?product=6687#primaryimage"},"image":{"@id":"https:\/\/kraftmuller.ma\/?product=6687#primaryimage"},"thumbnailUrl":"https:\/\/kraftmuller.ma\/wp-content\/uploads\/kraftmullerxwk.png","datePublished":"2025-11-20T16:38:49+00:00","dateModified":"2025-11-20T16:41:06+00:00","breadcrumb":{"@id":"https:\/\/kraftmuller.ma\/?product=6687#breadcrumb"},"inLanguage":"fr-FR","potentialAction":[{"@type":"ReadAction","target":["https:\/\/kraftmuller.ma\/?product=6687"]}]},{"@type":"ImageObject","inLanguage":"fr-FR","@id":"https:\/\/kraftmuller.ma\/?product=6687#primaryimage","url":"https:\/\/kraftmuller.ma\/wp-content\/uploads\/kraftmullerxwk.png","contentUrl":"https:\/\/kraftmuller.ma\/wp-content\/uploads\/kraftmullerxwk.png","width":2144,"height":1604},{"@type":"BreadcrumbList","@id":"https:\/\/kraftmuller.ma\/?product=6687#breadcrumb","itemListElement":[{"@type":"ListItem","position":1,"name":"Accueil","item":"https:\/\/kraftmuller.ma\/"},{"@type":"ListItem","position":2,"name":"Shop","item":"https:\/\/kraftmuller.ma\/?page_id=121"},{"@type":"ListItem","position":3,"name":"KRAFTMULLER un plateau de cl\u00e9s mixe fixes en pouces"}]},{"@type":"WebSite","@id":"https:\/\/kraftmuller.ma\/#website","url":"https:\/\/kraftmuller.ma\/","name":"KraftMuller Maroc","description":"Vente de mat\u00e9riel d&#039;outillage","publisher":{"@id":"https:\/\/kraftmuller.ma\/#organization"},"potentialAction":[{"@type":"SearchAction","target":{"@type":"EntryPoint","urlTemplate":"https:\/\/kraftmuller.ma\/?s={search_term_string}"},"query-input":{"@type":"PropertyValueSpecification","valueRequired":true,"valueName":"search_term_string"}}],"inLanguage":"fr-FR"},{"@type":"Organization","@id":"https:\/\/kraftmuller.ma\/#organization","name":"KraftMuller Maroc","url":"https:\/\/kraftmuller.ma\/","logo":{"@type":"ImageObject","inLanguage":"fr-FR","@id":"https:\/\/kraftmuller.ma\/#\/schema\/logo\/image\/","url":"https:\/\/kraftmuller.ma\/wp-content\/uploads\/2023\/04\/kraftunited.png","contentUrl":"https:\/\/kraftmuller.ma\/wp-content\/uploads\/2023\/04\/kraftunited.png","width":1214,"height":163,"caption":"KraftMuller Maroc"},"image":{"@id":"https:\/\/kraftmuller.ma\/#\/schema\/logo\/image\/"}}]}},"jetpack_sharing_enabled":true,"_links":{"self":[{"href":"https:\/\/kraftmuller.ma\/index.php?rest_route=\/wp\/v2\/product\/6687","targetHints":{"allow":["GET"]}}],"collection":[{"href":"https:\/\/kraftmuller.ma\/index.php?rest_route=\/wp\/v2\/product"}],"about":[{"href":"https:\/\/kraftmuller.ma\/index.php?rest_route=\/wp\/v2\/types\/product"}],"version-history":[{"count":3,"href":"https:\/\/kraftmuller.ma\/index.php?rest_route=\/wp\/v2\/product\/6687\/revisions"}],"predecessor-version":[{"id":6694,"href":"https:\/\/kraftmuller.ma\/index.php?rest_route=\/wp\/v2\/product\/6687\/revisions\/6694"}],"wp:featuredmedia":[{"embeddable":true,"href":"https:\/\/kraftmuller.ma\/index.php?rest_route=\/wp\/v2\/media\/6690"}],"wp:attachment":[{"href":"https:\/\/kraftmuller.ma\/index.php?rest_route=%2Fwp%2Fv2%2Fmedia&parent=6687"}],"wp:term":[{"taxonomy":"product_brand","embeddable":true,"href":"https:\/\/kraftmuller.ma\/index.php?rest_route=%2Fwp%2Fv2%2Fproduct_brand&post=6687"},{"taxonomy":"product_cat","embeddable":true,"href":"https:\/\/kraftmuller.ma\/index.php?rest_route=%2Fwp%2Fv2%2Fproduct_cat&post=6687"},{"taxonomy":"product_tag","embeddable":true,"href":"https:\/\/kraftmuller.ma\/index.php?rest_route=%2Fwp%2Fv2%2Fproduct_tag&post=6687"}],"curies":[{"name":"wp","href":"https:\/\/api.w.org\/{rel}","templated":true}]}}