{"id":6277,"date":"2024-07-15T00:08:10","date_gmt":"2024-07-14T22:08:10","guid":{"rendered":"https:\/\/kraftmuller.ma\/?post_type=product&#038;p=6277"},"modified":"2025-06-21T20:37:48","modified_gmt":"2025-06-21T18:37:48","slug":"coffret-de-calage-distribution-pour-ford-et-mazda","status":"publish","type":"product","link":"https:\/\/kraftmuller.ma\/?product=coffret-de-calage-distribution-pour-ford-et-mazda","title":{"rendered":"Coffret de calage distribution pour Ford et Mazda"},"content":{"rendered":"<div class=\"xdj266r x11i5rnm xat24cr x1mh8g0r x1vvkbs x126k92a\">\n<div dir=\"auto\">Description<\/div>\n<div dir=\"auto\">Coffret de calage distribution pour Ford et Mazda<\/div>\n<\/div>\n<div class=\"x11i5rnm xat24cr x1mh8g0r x1vvkbs xtlvy1s x126k92a\">\n<div dir=\"auto\">Coffret de calage id\u00e9al pour le remplacement et le r\u00e9glage des courroies de distribution.<\/div>\n<\/div>\n<div class=\"x11i5rnm xat24cr x1mh8g0r x1vvkbs xtlvy1s x126k92a\">\n<div dir=\"auto\">Caract\u00e9ristiques :<\/div>\n<\/div>\n<div class=\"x11i5rnm xat24cr x1mh8g0r x1vvkbs xtlvy1s x126k92a\">\n<div dir=\"auto\">Kraftmuller (Fiesta \u00e0 partir 1996, Focus \u00e0 partir 1998, Puma \u00e0 partir 1997)<\/div>\n<div dir=\"auto\">Tous le moteurs 1.25 \/ 2.0 (1995-1998)<\/div>\n<div dir=\"auto\">Tous le moteurs 1.6 16V \/ 1.8 16V \/ 2.0 16V (1991-1998)<\/div>\n<\/div>\n<div class=\"x11i5rnm xat24cr x1mh8g0r x1vvkbs xtlvy1s x126k92a\">\n<div dir=\"auto\">Diesel :<\/div>\n<\/div>\n<div class=\"x11i5rnm xat24cr x1mh8g0r x1vvkbs xtlvy1s x126k92a\">\n<div dir=\"auto\">Tous le moteurs 1.6 \/ 1.8 \/ 1.9 (\u00e0 partir 1997)<\/div>\n<div dir=\"auto\">Tous le moteurs 1.8 D\/TD\/TDCi<\/div>\n<\/div>\n<div class=\"x11i5rnm xat24cr x1mh8g0r x1vvkbs xtlvy1s x126k92a\">\n<div dir=\"auto\">Mod\u00e8les:<\/div>\n<div dir=\"auto\">Ford Fiesta (1995-2008)<\/div>\n<div dir=\"auto\">\u2022 Ford Escort\/Orion (1984-1999)<\/div>\n<div dir=\"auto\">\u2022 Ford Sierra (1990-1993)<\/div>\n<div dir=\"auto\">\u2022 Ford P100 (1989-1994)<\/div>\n<div dir=\"auto\">\u2022 Ford Courier\/Kombi (1989-2002)<\/div>\n<div dir=\"auto\">\u2022 Ford Fusion (2002-2008)<\/div>\n<div dir=\"auto\">\u2022 Ford Puma (1997-2002)<\/div>\n<div dir=\"auto\">\u2022 Ford Focus (1998-2008)<\/div>\n<div dir=\"auto\">\u2022 Ford Focus C-Max (2003-2008)<\/div>\n<div dir=\"auto\">\u2022 Ford Mondeo (1993-2008)<\/div>\n<div dir=\"auto\">\u2022 Ford Cougar (1998-2001)<\/div>\n<div dir=\"auto\">\u2022 Ford S-Max (2006-2008)<\/div>\n<div dir=\"auto\">\u2022 Ford Galaxy (1995-2000)<\/div>\n<div dir=\"auto\">\u2022 Ford Galaxy (2006-2008)<\/div>\n<div dir=\"auto\">\u2022 Ford Courier (1995-2008)<\/div>\n<div dir=\"auto\">\u2022 Ford Transit (1994-2000)<\/div>\n<div dir=\"auto\">\u2022 Ford Tourneo Connect (2002-2008)<\/div>\n<div dir=\"auto\">\u2022 Ford Transit Connect (2002-2008)<\/div>\n<div dir=\"auto\">\u2022 Mazda 121 (1995-2000)<\/div>\n<div dir=\"auto\">\u2022 Mazda 2 (2002-2007)<\/div>\n<div dir=\"auto\">\u2022 Mazda 3 (2003-2006)<\/div>\n<div dir=\"auto\">\u2022 Mazda 6 (2002-2007)<\/div>\n<div dir=\"auto\">\u2022 Mazda Tribute (2001-2004)<\/div>\n<div dir=\"auto\">\u2022 Volvo S40\/V50 (2004-2008)<\/div>\n<\/div>\n","protected":false},"excerpt":{"rendered":"<p>Description Coffret de calage distribution pour Ford et Mazda Coffret de calage id\u00e9al pour le remplacement et le r\u00e9glage des courroies de distribution. Caract\u00e9ristiques : Kraftmuller (Fiesta \u00e0 partir 1996, Focus \u00e0 partir 1998, Puma \u00e0 partir 1997) Tous le moteurs 1.25 \/ 2.0 (1995-1998) Tous le moteurs 1.6 16V \/ 1.8 16V \/ 2.0<\/p>\n<div class=\"klb-readmore button\"><a class=\"btn link\" href=\"https:\/\/kraftmuller.ma\/?product=coffret-de-calage-distribution-pour-ford-et-mazda\">Read More <i class=\"klbth-icon-right-arrow\"><\/i><\/a><\/div>\n","protected":false},"featured_media":6279,"template":"","meta":[],"product_brand":[],"product_cat":[194],"product_tag":[],"class_list":{"0":"post-6277","1":"product","2":"type-product","3":"status-publish","4":"has-post-thumbnail","6":"product_cat-equipement-datelier","8":"first","9":"instock","10":"sale","11":"taxable","12":"shipping-taxable","13":"purchasable","14":"product-type-simple"},"yoast_head":"<!-- This site is optimized with the Yoast SEO plugin v25.3.1 - https:\/\/yoast.com\/wordpress\/plugins\/seo\/ -->\n<title>Coffret de calage distribution pour Ford et Mazda - KraftMuller Maroc<\/title>\n<meta name=\"robots\" content=\"index, follow, max-snippet:-1, max-image-preview:large, max-video-preview:-1\" \/>\n<link rel=\"canonical\" href=\"https:\/\/kraftmuller.ma\/?product=coffret-de-calage-distribution-pour-ford-et-mazda\" \/>\n<meta property=\"og:locale\" content=\"fr_FR\" \/>\n<meta property=\"og:type\" content=\"article\" \/>\n<meta property=\"og:title\" content=\"Coffret de calage distribution pour Ford et Mazda - KraftMuller Maroc\" \/>\n<meta property=\"og:description\" content=\"Description Coffret de calage distribution pour Ford et Mazda Coffret de calage id\u00e9al pour le remplacement et le r\u00e9glage des courroies de distribution. Caract\u00e9ristiques : Kraftmuller (Fiesta \u00e0 partir 1996, Focus \u00e0 partir 1998, Puma \u00e0 partir 1997) Tous le moteurs 1.25 \/ 2.0 (1995-1998) Tous le moteurs 1.6 16V \/ 1.8 16V \/ 2.0Read More\" \/>\n<meta property=\"og:url\" content=\"https:\/\/kraftmuller.ma\/?product=coffret-de-calage-distribution-pour-ford-et-mazda\" \/>\n<meta property=\"og:site_name\" content=\"KraftMuller Maroc\" \/>\n<meta property=\"article:modified_time\" content=\"2025-06-21T18:37:48+00:00\" \/>\n<meta property=\"og:image\" content=\"https:\/\/kraftmuller.ma\/wp-content\/uploads\/Coffret-de-calage-distribution-pour-Ford-et-Mazda-KRAFTMULLER.jpg\" \/>\n\t<meta property=\"og:image:width\" content=\"2000\" \/>\n\t<meta property=\"og:image:height\" content=\"1500\" \/>\n\t<meta property=\"og:image:type\" content=\"image\/jpeg\" \/>\n<meta name=\"twitter:card\" content=\"summary_large_image\" \/>\n<meta name=\"twitter:label1\" content=\"Dur\u00e9e de lecture estim\u00e9e\" \/>\n\t<meta name=\"twitter:data1\" content=\"2 minutes\" \/>\n<script type=\"application\/ld+json\" class=\"yoast-schema-graph\">{\"@context\":\"https:\/\/schema.org\",\"@graph\":[{\"@type\":\"WebPage\",\"@id\":\"https:\/\/kraftmuller.ma\/?product=coffret-de-calage-distribution-pour-ford-et-mazda\",\"url\":\"https:\/\/kraftmuller.ma\/?product=coffret-de-calage-distribution-pour-ford-et-mazda\",\"name\":\"Coffret de calage distribution pour Ford et Mazda - KraftMuller Maroc\",\"isPartOf\":{\"@id\":\"https:\/\/kraftmuller.ma\/#website\"},\"primaryImageOfPage\":{\"@id\":\"https:\/\/kraftmuller.ma\/?product=coffret-de-calage-distribution-pour-ford-et-mazda#primaryimage\"},\"image\":{\"@id\":\"https:\/\/kraftmuller.ma\/?product=coffret-de-calage-distribution-pour-ford-et-mazda#primaryimage\"},\"thumbnailUrl\":\"https:\/\/kraftmuller.ma\/wp-content\/uploads\/Coffret-de-calage-distribution-pour-Ford-et-Mazda-KRAFTMULLER.jpg\",\"datePublished\":\"2024-07-14T22:08:10+00:00\",\"dateModified\":\"2025-06-21T18:37:48+00:00\",\"breadcrumb\":{\"@id\":\"https:\/\/kraftmuller.ma\/?product=coffret-de-calage-distribution-pour-ford-et-mazda#breadcrumb\"},\"inLanguage\":\"fr-FR\",\"potentialAction\":[{\"@type\":\"ReadAction\",\"target\":[\"https:\/\/kraftmuller.ma\/?product=coffret-de-calage-distribution-pour-ford-et-mazda\"]}]},{\"@type\":\"ImageObject\",\"inLanguage\":\"fr-FR\",\"@id\":\"https:\/\/kraftmuller.ma\/?product=coffret-de-calage-distribution-pour-ford-et-mazda#primaryimage\",\"url\":\"https:\/\/kraftmuller.ma\/wp-content\/uploads\/Coffret-de-calage-distribution-pour-Ford-et-Mazda-KRAFTMULLER.jpg\",\"contentUrl\":\"https:\/\/kraftmuller.ma\/wp-content\/uploads\/Coffret-de-calage-distribution-pour-Ford-et-Mazda-KRAFTMULLER.jpg\",\"width\":2000,\"height\":1500},{\"@type\":\"BreadcrumbList\",\"@id\":\"https:\/\/kraftmuller.ma\/?product=coffret-de-calage-distribution-pour-ford-et-mazda#breadcrumb\",\"itemListElement\":[{\"@type\":\"ListItem\",\"position\":1,\"name\":\"Accueil\",\"item\":\"https:\/\/kraftmuller.ma\/\"},{\"@type\":\"ListItem\",\"position\":2,\"name\":\"Shop\",\"item\":\"https:\/\/kraftmuller.ma\/?page_id=121\"},{\"@type\":\"ListItem\",\"position\":3,\"name\":\"Coffret de calage distribution pour Ford et Mazda\"}]},{\"@type\":\"WebSite\",\"@id\":\"https:\/\/kraftmuller.ma\/#website\",\"url\":\"https:\/\/kraftmuller.ma\/\",\"name\":\"KraftMuller Maroc\",\"description\":\"Vente de mat\u00e9riel d&#039;outillage\",\"publisher\":{\"@id\":\"https:\/\/kraftmuller.ma\/#organization\"},\"potentialAction\":[{\"@type\":\"SearchAction\",\"target\":{\"@type\":\"EntryPoint\",\"urlTemplate\":\"https:\/\/kraftmuller.ma\/?s={search_term_string}\"},\"query-input\":{\"@type\":\"PropertyValueSpecification\",\"valueRequired\":true,\"valueName\":\"search_term_string\"}}],\"inLanguage\":\"fr-FR\"},{\"@type\":\"Organization\",\"@id\":\"https:\/\/kraftmuller.ma\/#organization\",\"name\":\"KraftMuller Maroc\",\"url\":\"https:\/\/kraftmuller.ma\/\",\"logo\":{\"@type\":\"ImageObject\",\"inLanguage\":\"fr-FR\",\"@id\":\"https:\/\/kraftmuller.ma\/#\/schema\/logo\/image\/\",\"url\":\"https:\/\/kraftmuller.ma\/wp-content\/uploads\/2023\/04\/kraftunited.png\",\"contentUrl\":\"https:\/\/kraftmuller.ma\/wp-content\/uploads\/2023\/04\/kraftunited.png\",\"width\":1214,\"height\":163,\"caption\":\"KraftMuller Maroc\"},\"image\":{\"@id\":\"https:\/\/kraftmuller.ma\/#\/schema\/logo\/image\/\"}}]}<\/script>\n<!-- \/ Yoast SEO plugin. -->","yoast_head_json":{"title":"Coffret de calage distribution pour Ford et Mazda - KraftMuller Maroc","robots":{"index":"index","follow":"follow","max-snippet":"max-snippet:-1","max-image-preview":"max-image-preview:large","max-video-preview":"max-video-preview:-1"},"canonical":"https:\/\/kraftmuller.ma\/?product=coffret-de-calage-distribution-pour-ford-et-mazda","og_locale":"fr_FR","og_type":"article","og_title":"Coffret de calage distribution pour Ford et Mazda - KraftMuller Maroc","og_description":"Description Coffret de calage distribution pour Ford et Mazda Coffret de calage id\u00e9al pour le remplacement et le r\u00e9glage des courroies de distribution. Caract\u00e9ristiques : Kraftmuller (Fiesta \u00e0 partir 1996, Focus \u00e0 partir 1998, Puma \u00e0 partir 1997) Tous le moteurs 1.25 \/ 2.0 (1995-1998) Tous le moteurs 1.6 16V \/ 1.8 16V \/ 2.0Read More","og_url":"https:\/\/kraftmuller.ma\/?product=coffret-de-calage-distribution-pour-ford-et-mazda","og_site_name":"KraftMuller Maroc","article_modified_time":"2025-06-21T18:37:48+00:00","og_image":[{"width":2000,"height":1500,"url":"https:\/\/kraftmuller.ma\/wp-content\/uploads\/Coffret-de-calage-distribution-pour-Ford-et-Mazda-KRAFTMULLER.jpg","type":"image\/jpeg"}],"twitter_card":"summary_large_image","twitter_misc":{"Dur\u00e9e de lecture estim\u00e9e":"2 minutes"},"schema":{"@context":"https:\/\/schema.org","@graph":[{"@type":"WebPage","@id":"https:\/\/kraftmuller.ma\/?product=coffret-de-calage-distribution-pour-ford-et-mazda","url":"https:\/\/kraftmuller.ma\/?product=coffret-de-calage-distribution-pour-ford-et-mazda","name":"Coffret de calage distribution pour Ford et Mazda - KraftMuller Maroc","isPartOf":{"@id":"https:\/\/kraftmuller.ma\/#website"},"primaryImageOfPage":{"@id":"https:\/\/kraftmuller.ma\/?product=coffret-de-calage-distribution-pour-ford-et-mazda#primaryimage"},"image":{"@id":"https:\/\/kraftmuller.ma\/?product=coffret-de-calage-distribution-pour-ford-et-mazda#primaryimage"},"thumbnailUrl":"https:\/\/kraftmuller.ma\/wp-content\/uploads\/Coffret-de-calage-distribution-pour-Ford-et-Mazda-KRAFTMULLER.jpg","datePublished":"2024-07-14T22:08:10+00:00","dateModified":"2025-06-21T18:37:48+00:00","breadcrumb":{"@id":"https:\/\/kraftmuller.ma\/?product=coffret-de-calage-distribution-pour-ford-et-mazda#breadcrumb"},"inLanguage":"fr-FR","potentialAction":[{"@type":"ReadAction","target":["https:\/\/kraftmuller.ma\/?product=coffret-de-calage-distribution-pour-ford-et-mazda"]}]},{"@type":"ImageObject","inLanguage":"fr-FR","@id":"https:\/\/kraftmuller.ma\/?product=coffret-de-calage-distribution-pour-ford-et-mazda#primaryimage","url":"https:\/\/kraftmuller.ma\/wp-content\/uploads\/Coffret-de-calage-distribution-pour-Ford-et-Mazda-KRAFTMULLER.jpg","contentUrl":"https:\/\/kraftmuller.ma\/wp-content\/uploads\/Coffret-de-calage-distribution-pour-Ford-et-Mazda-KRAFTMULLER.jpg","width":2000,"height":1500},{"@type":"BreadcrumbList","@id":"https:\/\/kraftmuller.ma\/?product=coffret-de-calage-distribution-pour-ford-et-mazda#breadcrumb","itemListElement":[{"@type":"ListItem","position":1,"name":"Accueil","item":"https:\/\/kraftmuller.ma\/"},{"@type":"ListItem","position":2,"name":"Shop","item":"https:\/\/kraftmuller.ma\/?page_id=121"},{"@type":"ListItem","position":3,"name":"Coffret de calage distribution pour Ford et Mazda"}]},{"@type":"WebSite","@id":"https:\/\/kraftmuller.ma\/#website","url":"https:\/\/kraftmuller.ma\/","name":"KraftMuller Maroc","description":"Vente de mat\u00e9riel d&#039;outillage","publisher":{"@id":"https:\/\/kraftmuller.ma\/#organization"},"potentialAction":[{"@type":"SearchAction","target":{"@type":"EntryPoint","urlTemplate":"https:\/\/kraftmuller.ma\/?s={search_term_string}"},"query-input":{"@type":"PropertyValueSpecification","valueRequired":true,"valueName":"search_term_string"}}],"inLanguage":"fr-FR"},{"@type":"Organization","@id":"https:\/\/kraftmuller.ma\/#organization","name":"KraftMuller Maroc","url":"https:\/\/kraftmuller.ma\/","logo":{"@type":"ImageObject","inLanguage":"fr-FR","@id":"https:\/\/kraftmuller.ma\/#\/schema\/logo\/image\/","url":"https:\/\/kraftmuller.ma\/wp-content\/uploads\/2023\/04\/kraftunited.png","contentUrl":"https:\/\/kraftmuller.ma\/wp-content\/uploads\/2023\/04\/kraftunited.png","width":1214,"height":163,"caption":"KraftMuller Maroc"},"image":{"@id":"https:\/\/kraftmuller.ma\/#\/schema\/logo\/image\/"}}]}},"jetpack_sharing_enabled":true,"_links":{"self":[{"href":"https:\/\/kraftmuller.ma\/index.php?rest_route=\/wp\/v2\/product\/6277","targetHints":{"allow":["GET"]}}],"collection":[{"href":"https:\/\/kraftmuller.ma\/index.php?rest_route=\/wp\/v2\/product"}],"about":[{"href":"https:\/\/kraftmuller.ma\/index.php?rest_route=\/wp\/v2\/types\/product"}],"version-history":[{"count":1,"href":"https:\/\/kraftmuller.ma\/index.php?rest_route=\/wp\/v2\/product\/6277\/revisions"}],"predecessor-version":[{"id":6280,"href":"https:\/\/kraftmuller.ma\/index.php?rest_route=\/wp\/v2\/product\/6277\/revisions\/6280"}],"wp:featuredmedia":[{"embeddable":true,"href":"https:\/\/kraftmuller.ma\/index.php?rest_route=\/wp\/v2\/media\/6279"}],"wp:attachment":[{"href":"https:\/\/kraftmuller.ma\/index.php?rest_route=%2Fwp%2Fv2%2Fmedia&parent=6277"}],"wp:term":[{"taxonomy":"product_brand","embeddable":true,"href":"https:\/\/kraftmuller.ma\/index.php?rest_route=%2Fwp%2Fv2%2Fproduct_brand&post=6277"},{"taxonomy":"product_cat","embeddable":true,"href":"https:\/\/kraftmuller.ma\/index.php?rest_route=%2Fwp%2Fv2%2Fproduct_cat&post=6277"},{"taxonomy":"product_tag","embeddable":true,"href":"https:\/\/kraftmuller.ma\/index.php?rest_route=%2Fwp%2Fv2%2Fproduct_tag&post=6277"}],"curies":[{"name":"wp","href":"https:\/\/api.w.org\/{rel}","templated":true}]}}