{"id":6260,"date":"2024-07-14T23:47:14","date_gmt":"2024-07-14T21:47:14","guid":{"rendered":"https:\/\/kraftmuller.ma\/?post_type=product&#038;p=6260"},"modified":"2025-11-19T13:45:04","modified_gmt":"2025-11-19T12:45:04","slug":"ensemble-kraftmuller-de-distribution-complete-vag","status":"publish","type":"product","link":"https:\/\/kraftmuller.ma\/?product=ensemble-kraftmuller-de-distribution-complete-vag","title":{"rendered":"Ensemble kraftmuller de distribution compl\u00e9t\u00e9 VAG"},"content":{"rendered":"<div class=\"pdp_content_usps\">\n<h2 id=\"content-header-special-features\" data-content-header=\"special-features\">Les points forts<\/h2>\n<div class=\"pdp_content_usp\">L&rsquo;ensemble comprend un volant, un arbre \u00e0 cames, une poulie de vilebrequin, un tendeur et une courroie, ainsi qu&rsquo;une pompe \u00e0 injection et \u00e0 carburant.<\/div>\n<div class=\"pdp_content_usp\">Vous recevez les pi\u00e8ces dans un bo\u00eetier plastique robuste et attrayant de couleur rouge.<\/div>\n<div class=\"pdp_content_usp\">La mallette se ferme en toute s\u00e9curit\u00e9 pour le rangement ou pour l&#8217;emporter avec vous gr\u00e2ce \u00e0 la double serrure en plastique int\u00e9gr\u00e9e.<\/div>\n<div class=\"pdp_content_usp\">Gr\u00e2ce aux \u00e9videments pr\u00e9vus dans la partie inf\u00e9rieure et dans le couvercle de la mallette, vos mat\u00e9riaux sont toujours organis\u00e9s et en s\u00e9curit\u00e9.<\/div>\n<\/div>\n<h2 id=\"content-header-description\" class=\"pdp_content_title\" data-content-header=\"description\">Description<\/h2>\n<div class=\"pdp_content_description\">\n<p>Ce jeu de distribution est une extension pratique pour les garages professionnels et les ateliers automobiles. Le kit contient diff\u00e9rents outils qui se pr\u00eatent \u00e0 de nombreuses marques et de nombreux mod\u00e8les de voitures.<\/p>\n<h2>\u00c0 propos de l&rsquo;ensemble kraftmuller de distribution compl\u00e9t\u00e9 VAG<\/h2>\n<p>Cet ensemble pr\u00e9sente une grande souplesse d&rsquo;utilisation et constitue donc un atout majeur pour les garages et ateliers professionnels. En outre, tous les outils sont d&rsquo;excellente qualit\u00e9, afin de vous permettre, en tant que professionnel, de r\u00e9aliser un investissement durable.<\/p>\n<\/div>\n<div><\/div>\n<div>\n<div dir=\"auto\">D\u00e9tails du produit<\/div>\n<div dir=\"auto\"><\/div>\n<div dir=\"auto\">Principaux points forts<\/div>\n<div dir=\"auto\">Outil de r\u00e9glage et de verrouillage polyvalent de KraftMuller pour moteurs \u00e0 essence et diesel de VW, Audi, Seat et Skoda. Les diff\u00e9rentes pi\u00e8ces sont bien rang\u00e9es dans une mallette en plastique.<\/div>\n<div dir=\"auto\">Dimensions totales (LxlxH) : 59 x 27 x 6 cm \/\/ Mat\u00e9riau : Outils en acier, mallette en plastique \/\/ Poids : 4,5 kg \/\/<\/div>\n<div dir=\"auto\">Pour moteurs essence : 1.2 6V &#8211; 1.2 12V &#8211; 1.4 &#8211; 1.6 &#8211; 1.8 &#8211; 1.8T &#8211; 2.0 16V compatible par ex. pour : Audi : 80 &#8211; A2 &#8211; A3 &#8211; S3 &#8211; A4 &#8211; A6 \u2013 TT Seat : Alhambra , Arosa, Cordoba, Ibiza, Inca, Leon, Toledo Skoda : Fabia, Octavia (apr\u00e8s 96) VW : Bora, Caddy, Fox, Golf, Lupo, New Beetle, Passat, Polo, Sharan, Touran<\/div>\n<div dir=\"auto\">Pour moteurs diesel : 1.2, 1.4, 1.9, 2.0 TDI PD, 1.7, 1.9 D \/ TD \/ SDI \/ TDI, 2.5 V6 TDI compatible par ex. pour : Audi : 80, A2, A3, A4, A6, Cabrio (95-00) Seat : Alhambra , Arosa, Altea, Cordoba, Ibiza, Inca, Leon, Toledo, Skoda : Fabia, Felicia, Octavia (93-05) VW : Bora, Caddy, Golf, Lupo, New Beetle, Passat, Polo, Sharan, Transporter, Touran<\/div>\n<div dir=\"auto\">Mandrin de fixation et cl\u00e9 Allen (SW6) pour dispositif de serrage de la courroie dans les moteurs diesel \u00e0 4 cylindres : VW Golf, Caddy, Sharan, Touran apr\u00e8s 2004 \/\/ Outil de verrouillage pour cha\u00eene de distribution arbre \u00e0 cames et dispositif de serrage de la courroie pour moteurs essence 1.8, 1.8T (double arbre \u00e0 cames), 2.4, 2.7, 2.8 (V6) : Audi A3, A4, A6, TT, Seat Alhambra, Cordoba, Ibiza, Leon, Toledo Skoda Octavia VW Beetle, Bora, Golf, Passat, Sharan<\/div>\n<\/div>\n","protected":false},"excerpt":{"rendered":"<p>Les points forts L&rsquo;ensemble comprend un volant, un arbre \u00e0 cames, une poulie de vilebrequin, un tendeur et une courroie, ainsi qu&rsquo;une pompe \u00e0 injection et \u00e0 carburant. Vous recevez les pi\u00e8ces dans un bo\u00eetier plastique robuste et attrayant de couleur rouge. La mallette se ferme en toute s\u00e9curit\u00e9 pour le rangement ou pour l&#8217;emporter<\/p>\n<div class=\"klb-readmore button\"><a class=\"btn link\" href=\"https:\/\/kraftmuller.ma\/?product=ensemble-kraftmuller-de-distribution-complete-vag\">Read More <i class=\"klbth-icon-right-arrow\"><\/i><\/a><\/div>\n","protected":false},"featured_media":6261,"template":"","meta":[],"product_brand":[],"product_cat":[194],"product_tag":[],"class_list":{"0":"post-6260","1":"product","2":"type-product","3":"status-publish","4":"has-post-thumbnail","6":"product_cat-equipement-datelier","8":"first","9":"instock","10":"taxable","11":"shipping-taxable","12":"purchasable","13":"product-type-simple"},"yoast_head":"<!-- This site is optimized with the Yoast SEO plugin v25.3.1 - https:\/\/yoast.com\/wordpress\/plugins\/seo\/ -->\n<title>Ensemble kraftmuller de distribution compl\u00e9t\u00e9 VAG - KraftMuller Maroc<\/title>\n<meta name=\"robots\" content=\"index, follow, max-snippet:-1, max-image-preview:large, max-video-preview:-1\" \/>\n<link rel=\"canonical\" href=\"https:\/\/kraftmuller.ma\/?product=ensemble-kraftmuller-de-distribution-complete-vag\" \/>\n<meta property=\"og:locale\" content=\"fr_FR\" \/>\n<meta property=\"og:type\" content=\"article\" \/>\n<meta property=\"og:title\" content=\"Ensemble kraftmuller de distribution compl\u00e9t\u00e9 VAG - KraftMuller Maroc\" \/>\n<meta property=\"og:description\" content=\"Les points forts L&rsquo;ensemble comprend un volant, un arbre \u00e0 cames, une poulie de vilebrequin, un tendeur et une courroie, ainsi qu&rsquo;une pompe \u00e0 injection et \u00e0 carburant. Vous recevez les pi\u00e8ces dans un bo\u00eetier plastique robuste et attrayant de couleur rouge. La mallette se ferme en toute s\u00e9curit\u00e9 pour le rangement ou pour l&#8217;emporterRead More\" \/>\n<meta property=\"og:url\" content=\"https:\/\/kraftmuller.ma\/?product=ensemble-kraftmuller-de-distribution-complete-vag\" \/>\n<meta property=\"og:site_name\" content=\"KraftMuller Maroc\" \/>\n<meta property=\"article:modified_time\" content=\"2025-11-19T12:45:04+00:00\" \/>\n<meta property=\"og:image\" content=\"https:\/\/kraftmuller.ma\/wp-content\/uploads\/kratmuller-xlxlx.jpg\" \/>\n\t<meta property=\"og:image:width\" content=\"900\" \/>\n\t<meta property=\"og:image:height\" content=\"600\" \/>\n\t<meta property=\"og:image:type\" content=\"image\/jpeg\" \/>\n<meta name=\"twitter:card\" content=\"summary_large_image\" \/>\n<meta name=\"twitter:label1\" content=\"Dur\u00e9e de lecture estim\u00e9e\" \/>\n\t<meta name=\"twitter:data1\" content=\"3 minutes\" \/>\n<script type=\"application\/ld+json\" class=\"yoast-schema-graph\">{\"@context\":\"https:\/\/schema.org\",\"@graph\":[{\"@type\":\"WebPage\",\"@id\":\"https:\/\/kraftmuller.ma\/?product=ensemble-kraftmuller-de-distribution-complete-vag\",\"url\":\"https:\/\/kraftmuller.ma\/?product=ensemble-kraftmuller-de-distribution-complete-vag\",\"name\":\"Ensemble kraftmuller de distribution compl\u00e9t\u00e9 VAG - KraftMuller Maroc\",\"isPartOf\":{\"@id\":\"https:\/\/kraftmuller.ma\/#website\"},\"primaryImageOfPage\":{\"@id\":\"https:\/\/kraftmuller.ma\/?product=ensemble-kraftmuller-de-distribution-complete-vag#primaryimage\"},\"image\":{\"@id\":\"https:\/\/kraftmuller.ma\/?product=ensemble-kraftmuller-de-distribution-complete-vag#primaryimage\"},\"thumbnailUrl\":\"https:\/\/kraftmuller.ma\/wp-content\/uploads\/kratmuller-xlxlx.jpg\",\"datePublished\":\"2024-07-14T21:47:14+00:00\",\"dateModified\":\"2025-11-19T12:45:04+00:00\",\"breadcrumb\":{\"@id\":\"https:\/\/kraftmuller.ma\/?product=ensemble-kraftmuller-de-distribution-complete-vag#breadcrumb\"},\"inLanguage\":\"fr-FR\",\"potentialAction\":[{\"@type\":\"ReadAction\",\"target\":[\"https:\/\/kraftmuller.ma\/?product=ensemble-kraftmuller-de-distribution-complete-vag\"]}]},{\"@type\":\"ImageObject\",\"inLanguage\":\"fr-FR\",\"@id\":\"https:\/\/kraftmuller.ma\/?product=ensemble-kraftmuller-de-distribution-complete-vag#primaryimage\",\"url\":\"https:\/\/kraftmuller.ma\/wp-content\/uploads\/kratmuller-xlxlx.jpg\",\"contentUrl\":\"https:\/\/kraftmuller.ma\/wp-content\/uploads\/kratmuller-xlxlx.jpg\",\"width\":900,\"height\":600},{\"@type\":\"BreadcrumbList\",\"@id\":\"https:\/\/kraftmuller.ma\/?product=ensemble-kraftmuller-de-distribution-complete-vag#breadcrumb\",\"itemListElement\":[{\"@type\":\"ListItem\",\"position\":1,\"name\":\"Accueil\",\"item\":\"https:\/\/kraftmuller.ma\/\"},{\"@type\":\"ListItem\",\"position\":2,\"name\":\"Shop\",\"item\":\"https:\/\/kraftmuller.ma\/?page_id=121\"},{\"@type\":\"ListItem\",\"position\":3,\"name\":\"Ensemble kraftmuller de distribution compl\u00e9t\u00e9 VAG\"}]},{\"@type\":\"WebSite\",\"@id\":\"https:\/\/kraftmuller.ma\/#website\",\"url\":\"https:\/\/kraftmuller.ma\/\",\"name\":\"KraftMuller Maroc\",\"description\":\"Vente de mat\u00e9riel d&#039;outillage\",\"publisher\":{\"@id\":\"https:\/\/kraftmuller.ma\/#organization\"},\"potentialAction\":[{\"@type\":\"SearchAction\",\"target\":{\"@type\":\"EntryPoint\",\"urlTemplate\":\"https:\/\/kraftmuller.ma\/?s={search_term_string}\"},\"query-input\":{\"@type\":\"PropertyValueSpecification\",\"valueRequired\":true,\"valueName\":\"search_term_string\"}}],\"inLanguage\":\"fr-FR\"},{\"@type\":\"Organization\",\"@id\":\"https:\/\/kraftmuller.ma\/#organization\",\"name\":\"KraftMuller Maroc\",\"url\":\"https:\/\/kraftmuller.ma\/\",\"logo\":{\"@type\":\"ImageObject\",\"inLanguage\":\"fr-FR\",\"@id\":\"https:\/\/kraftmuller.ma\/#\/schema\/logo\/image\/\",\"url\":\"https:\/\/kraftmuller.ma\/wp-content\/uploads\/2023\/04\/kraftunited.png\",\"contentUrl\":\"https:\/\/kraftmuller.ma\/wp-content\/uploads\/2023\/04\/kraftunited.png\",\"width\":1214,\"height\":163,\"caption\":\"KraftMuller Maroc\"},\"image\":{\"@id\":\"https:\/\/kraftmuller.ma\/#\/schema\/logo\/image\/\"}}]}<\/script>\n<!-- \/ Yoast SEO plugin. -->","yoast_head_json":{"title":"Ensemble kraftmuller de distribution compl\u00e9t\u00e9 VAG - KraftMuller Maroc","robots":{"index":"index","follow":"follow","max-snippet":"max-snippet:-1","max-image-preview":"max-image-preview:large","max-video-preview":"max-video-preview:-1"},"canonical":"https:\/\/kraftmuller.ma\/?product=ensemble-kraftmuller-de-distribution-complete-vag","og_locale":"fr_FR","og_type":"article","og_title":"Ensemble kraftmuller de distribution compl\u00e9t\u00e9 VAG - KraftMuller Maroc","og_description":"Les points forts L&rsquo;ensemble comprend un volant, un arbre \u00e0 cames, une poulie de vilebrequin, un tendeur et une courroie, ainsi qu&rsquo;une pompe \u00e0 injection et \u00e0 carburant. Vous recevez les pi\u00e8ces dans un bo\u00eetier plastique robuste et attrayant de couleur rouge. La mallette se ferme en toute s\u00e9curit\u00e9 pour le rangement ou pour l&#8217;emporterRead More","og_url":"https:\/\/kraftmuller.ma\/?product=ensemble-kraftmuller-de-distribution-complete-vag","og_site_name":"KraftMuller Maroc","article_modified_time":"2025-11-19T12:45:04+00:00","og_image":[{"width":900,"height":600,"url":"https:\/\/kraftmuller.ma\/wp-content\/uploads\/kratmuller-xlxlx.jpg","type":"image\/jpeg"}],"twitter_card":"summary_large_image","twitter_misc":{"Dur\u00e9e de lecture estim\u00e9e":"3 minutes"},"schema":{"@context":"https:\/\/schema.org","@graph":[{"@type":"WebPage","@id":"https:\/\/kraftmuller.ma\/?product=ensemble-kraftmuller-de-distribution-complete-vag","url":"https:\/\/kraftmuller.ma\/?product=ensemble-kraftmuller-de-distribution-complete-vag","name":"Ensemble kraftmuller de distribution compl\u00e9t\u00e9 VAG - KraftMuller Maroc","isPartOf":{"@id":"https:\/\/kraftmuller.ma\/#website"},"primaryImageOfPage":{"@id":"https:\/\/kraftmuller.ma\/?product=ensemble-kraftmuller-de-distribution-complete-vag#primaryimage"},"image":{"@id":"https:\/\/kraftmuller.ma\/?product=ensemble-kraftmuller-de-distribution-complete-vag#primaryimage"},"thumbnailUrl":"https:\/\/kraftmuller.ma\/wp-content\/uploads\/kratmuller-xlxlx.jpg","datePublished":"2024-07-14T21:47:14+00:00","dateModified":"2025-11-19T12:45:04+00:00","breadcrumb":{"@id":"https:\/\/kraftmuller.ma\/?product=ensemble-kraftmuller-de-distribution-complete-vag#breadcrumb"},"inLanguage":"fr-FR","potentialAction":[{"@type":"ReadAction","target":["https:\/\/kraftmuller.ma\/?product=ensemble-kraftmuller-de-distribution-complete-vag"]}]},{"@type":"ImageObject","inLanguage":"fr-FR","@id":"https:\/\/kraftmuller.ma\/?product=ensemble-kraftmuller-de-distribution-complete-vag#primaryimage","url":"https:\/\/kraftmuller.ma\/wp-content\/uploads\/kratmuller-xlxlx.jpg","contentUrl":"https:\/\/kraftmuller.ma\/wp-content\/uploads\/kratmuller-xlxlx.jpg","width":900,"height":600},{"@type":"BreadcrumbList","@id":"https:\/\/kraftmuller.ma\/?product=ensemble-kraftmuller-de-distribution-complete-vag#breadcrumb","itemListElement":[{"@type":"ListItem","position":1,"name":"Accueil","item":"https:\/\/kraftmuller.ma\/"},{"@type":"ListItem","position":2,"name":"Shop","item":"https:\/\/kraftmuller.ma\/?page_id=121"},{"@type":"ListItem","position":3,"name":"Ensemble kraftmuller de distribution compl\u00e9t\u00e9 VAG"}]},{"@type":"WebSite","@id":"https:\/\/kraftmuller.ma\/#website","url":"https:\/\/kraftmuller.ma\/","name":"KraftMuller Maroc","description":"Vente de mat\u00e9riel d&#039;outillage","publisher":{"@id":"https:\/\/kraftmuller.ma\/#organization"},"potentialAction":[{"@type":"SearchAction","target":{"@type":"EntryPoint","urlTemplate":"https:\/\/kraftmuller.ma\/?s={search_term_string}"},"query-input":{"@type":"PropertyValueSpecification","valueRequired":true,"valueName":"search_term_string"}}],"inLanguage":"fr-FR"},{"@type":"Organization","@id":"https:\/\/kraftmuller.ma\/#organization","name":"KraftMuller Maroc","url":"https:\/\/kraftmuller.ma\/","logo":{"@type":"ImageObject","inLanguage":"fr-FR","@id":"https:\/\/kraftmuller.ma\/#\/schema\/logo\/image\/","url":"https:\/\/kraftmuller.ma\/wp-content\/uploads\/2023\/04\/kraftunited.png","contentUrl":"https:\/\/kraftmuller.ma\/wp-content\/uploads\/2023\/04\/kraftunited.png","width":1214,"height":163,"caption":"KraftMuller Maroc"},"image":{"@id":"https:\/\/kraftmuller.ma\/#\/schema\/logo\/image\/"}}]}},"jetpack_sharing_enabled":true,"_links":{"self":[{"href":"https:\/\/kraftmuller.ma\/index.php?rest_route=\/wp\/v2\/product\/6260","targetHints":{"allow":["GET"]}}],"collection":[{"href":"https:\/\/kraftmuller.ma\/index.php?rest_route=\/wp\/v2\/product"}],"about":[{"href":"https:\/\/kraftmuller.ma\/index.php?rest_route=\/wp\/v2\/types\/product"}],"version-history":[{"count":2,"href":"https:\/\/kraftmuller.ma\/index.php?rest_route=\/wp\/v2\/product\/6260\/revisions"}],"predecessor-version":[{"id":6666,"href":"https:\/\/kraftmuller.ma\/index.php?rest_route=\/wp\/v2\/product\/6260\/revisions\/6666"}],"wp:featuredmedia":[{"embeddable":true,"href":"https:\/\/kraftmuller.ma\/index.php?rest_route=\/wp\/v2\/media\/6261"}],"wp:attachment":[{"href":"https:\/\/kraftmuller.ma\/index.php?rest_route=%2Fwp%2Fv2%2Fmedia&parent=6260"}],"wp:term":[{"taxonomy":"product_brand","embeddable":true,"href":"https:\/\/kraftmuller.ma\/index.php?rest_route=%2Fwp%2Fv2%2Fproduct_brand&post=6260"},{"taxonomy":"product_cat","embeddable":true,"href":"https:\/\/kraftmuller.ma\/index.php?rest_route=%2Fwp%2Fv2%2Fproduct_cat&post=6260"},{"taxonomy":"product_tag","embeddable":true,"href":"https:\/\/kraftmuller.ma\/index.php?rest_route=%2Fwp%2Fv2%2Fproduct_tag&post=6260"}],"curies":[{"name":"wp","href":"https:\/\/api.w.org\/{rel}","templated":true}]}}