{"id":6253,"date":"2024-07-31T02:59:22","date_gmt":"2024-07-31T00:59:22","guid":{"rendered":"https:\/\/kraftmuller.ma\/?post_type=product&#038;p=6253"},"modified":"2025-09-21T15:20:36","modified_gmt":"2025-09-21T13:20:36","slug":"servante-datelier-extreme-tools-6-4-rouge-162-outils","status":"publish","type":"product","link":"https:\/\/kraftmuller.ma\/?product=servante-datelier-extreme-tools-6-4-rouge-162-outils","title":{"rendered":"SERVANTE D\u2019ATELIER EXTREME TOOLS 6\/4 ROUGE 162 OUTILS"},"content":{"rendered":"<h2>Description<\/h2>\n<p>SERVANTE D\u2019ATELIER 6 TIROIRS AVEC OUTILLAGE RENFORC\u00c9 !<\/p>\n<p>Gr\u00e2ce \u00e0 sa poign\u00e9e ergonomique int\u00e9gr\u00e9e dans le plan de travail et ses roulettes avec frein promenez l\u00e0 partout dans votre atelier et ayez toujours l\u2019outil qu\u2019il vous faut. Acc\u00e9dez rapidement \u00e0 vos outils rang\u00e9s dans des tiroirs mont\u00e9s sur glissi\u00e8re t\u00e9lescopique avec roulement \u00e0 billes. Le plan de travail est con\u00e7u en mat\u00e9riaux antichocs qui r\u00e9sisteront \u00e0 toutes vos manipulations sur votre servante.<\/p>\n<p>Cette servante d\u2019atelier se compose de 6 tiroirs dont 4 pleins d\u2019outils de qualit\u00e9 professionnelle : 162 pi\u00e8ces de la marque de renomm\u00e9e Extreme Tools, rang\u00e9es par types et par tailles dans des compartiments en mousse<\/p>\n<p>\u2013 1er tiroir : assortiment de cliquets et douilles courtes + rallonges barres et cardans 1\/2 3\/8 1\/4 + douilles chocs bague t\u00e9flon 1\/2<\/p>\n<p>\u2013 2eme tiroirs : assortiment de cl\u00e9s plates a oeils cliquets de 8 a 22mm + embouts 1\/4 et douilles longues 1\/4<\/p>\n<p>\u2013 3eme tiroirs : assortiment de tournevis cruciforme et plats + cl\u00e9s torx<\/p>\n<p>\u2013 4eme tiroirs : cl\u00e9s en T btr + pinces a circlips + marteau et maillet + cl\u00e9 dynamom\u00e9trique 1\/2 40\/210nm<\/p>\n","protected":false},"excerpt":{"rendered":"<p>Description SERVANTE D\u2019ATELIER 6 TIROIRS AVEC OUTILLAGE RENFORC\u00c9 ! Gr\u00e2ce \u00e0 sa poign\u00e9e ergonomique int\u00e9gr\u00e9e dans le plan de travail et ses roulettes avec frein promenez l\u00e0 partout dans votre atelier et ayez toujours l\u2019outil qu\u2019il vous faut. Acc\u00e9dez rapidement \u00e0 vos outils rang\u00e9s dans des tiroirs mont\u00e9s sur glissi\u00e8re t\u00e9lescopique avec roulement \u00e0 billes.<\/p>\n<div class=\"klb-readmore button\"><a class=\"btn link\" href=\"https:\/\/kraftmuller.ma\/?product=servante-datelier-extreme-tools-6-4-rouge-162-outils\">Read More <i class=\"klbth-icon-right-arrow\"><\/i><\/a><\/div>\n","protected":false},"featured_media":6322,"template":"","meta":[],"product_brand":[],"product_cat":[15],"product_tag":[],"class_list":{"0":"post-6253","1":"product","2":"type-product","3":"status-publish","4":"has-post-thumbnail","6":"product_cat-non-classe","8":"first","9":"outofstock","10":"taxable","11":"shipping-taxable","12":"purchasable","13":"product-type-simple"},"yoast_head":"<!-- This site is optimized with the Yoast SEO plugin v25.3.1 - https:\/\/yoast.com\/wordpress\/plugins\/seo\/ -->\n<title>SERVANTE D\u2019ATELIER EXTREME TOOLS 6\/4 ROUGE 162 OUTILS - KraftMuller Maroc<\/title>\n<meta name=\"robots\" content=\"index, follow, max-snippet:-1, max-image-preview:large, max-video-preview:-1\" \/>\n<link rel=\"canonical\" href=\"https:\/\/kraftmuller.ma\/?product=servante-datelier-extreme-tools-6-4-rouge-162-outils\" \/>\n<meta property=\"og:locale\" content=\"fr_FR\" \/>\n<meta property=\"og:type\" content=\"article\" \/>\n<meta property=\"og:title\" content=\"SERVANTE D\u2019ATELIER EXTREME TOOLS 6\/4 ROUGE 162 OUTILS - KraftMuller Maroc\" \/>\n<meta property=\"og:description\" content=\"Description SERVANTE D\u2019ATELIER 6 TIROIRS AVEC OUTILLAGE RENFORC\u00c9 ! Gr\u00e2ce \u00e0 sa poign\u00e9e ergonomique int\u00e9gr\u00e9e dans le plan de travail et ses roulettes avec frein promenez l\u00e0 partout dans votre atelier et ayez toujours l\u2019outil qu\u2019il vous faut. Acc\u00e9dez rapidement \u00e0 vos outils rang\u00e9s dans des tiroirs mont\u00e9s sur glissi\u00e8re t\u00e9lescopique avec roulement \u00e0 billes.Read More\" \/>\n<meta property=\"og:url\" content=\"https:\/\/kraftmuller.ma\/?product=servante-datelier-extreme-tools-6-4-rouge-162-outils\" \/>\n<meta property=\"og:site_name\" content=\"KraftMuller Maroc\" \/>\n<meta property=\"article:modified_time\" content=\"2025-09-21T13:20:36+00:00\" \/>\n<meta property=\"og:image\" content=\"https:\/\/kraftmuller.ma\/wp-content\/uploads\/servante-d-atelier-extreme-tools-64-rouge-162-outils.webp\" \/>\n\t<meta property=\"og:image:width\" content=\"1100\" \/>\n\t<meta property=\"og:image:height\" content=\"1100\" \/>\n\t<meta property=\"og:image:type\" content=\"image\/webp\" \/>\n<meta name=\"twitter:card\" content=\"summary_large_image\" \/>\n<meta name=\"twitter:label1\" content=\"Dur\u00e9e de lecture estim\u00e9e\" \/>\n\t<meta name=\"twitter:data1\" content=\"2 minutes\" \/>\n<script type=\"application\/ld+json\" class=\"yoast-schema-graph\">{\"@context\":\"https:\/\/schema.org\",\"@graph\":[{\"@type\":\"WebPage\",\"@id\":\"https:\/\/kraftmuller.ma\/?product=servante-datelier-extreme-tools-6-4-rouge-162-outils\",\"url\":\"https:\/\/kraftmuller.ma\/?product=servante-datelier-extreme-tools-6-4-rouge-162-outils\",\"name\":\"SERVANTE D\u2019ATELIER EXTREME TOOLS 6\/4 ROUGE 162 OUTILS - KraftMuller Maroc\",\"isPartOf\":{\"@id\":\"https:\/\/kraftmuller.ma\/#website\"},\"primaryImageOfPage\":{\"@id\":\"https:\/\/kraftmuller.ma\/?product=servante-datelier-extreme-tools-6-4-rouge-162-outils#primaryimage\"},\"image\":{\"@id\":\"https:\/\/kraftmuller.ma\/?product=servante-datelier-extreme-tools-6-4-rouge-162-outils#primaryimage\"},\"thumbnailUrl\":\"https:\/\/kraftmuller.ma\/wp-content\/uploads\/servante-d-atelier-extreme-tools-64-rouge-162-outils.webp\",\"datePublished\":\"2024-07-31T00:59:22+00:00\",\"dateModified\":\"2025-09-21T13:20:36+00:00\",\"breadcrumb\":{\"@id\":\"https:\/\/kraftmuller.ma\/?product=servante-datelier-extreme-tools-6-4-rouge-162-outils#breadcrumb\"},\"inLanguage\":\"fr-FR\",\"potentialAction\":[{\"@type\":\"ReadAction\",\"target\":[\"https:\/\/kraftmuller.ma\/?product=servante-datelier-extreme-tools-6-4-rouge-162-outils\"]}]},{\"@type\":\"ImageObject\",\"inLanguage\":\"fr-FR\",\"@id\":\"https:\/\/kraftmuller.ma\/?product=servante-datelier-extreme-tools-6-4-rouge-162-outils#primaryimage\",\"url\":\"https:\/\/kraftmuller.ma\/wp-content\/uploads\/servante-d-atelier-extreme-tools-64-rouge-162-outils.webp\",\"contentUrl\":\"https:\/\/kraftmuller.ma\/wp-content\/uploads\/servante-d-atelier-extreme-tools-64-rouge-162-outils.webp\",\"width\":1100,\"height\":1100},{\"@type\":\"BreadcrumbList\",\"@id\":\"https:\/\/kraftmuller.ma\/?product=servante-datelier-extreme-tools-6-4-rouge-162-outils#breadcrumb\",\"itemListElement\":[{\"@type\":\"ListItem\",\"position\":1,\"name\":\"Accueil\",\"item\":\"https:\/\/kraftmuller.ma\/\"},{\"@type\":\"ListItem\",\"position\":2,\"name\":\"Shop\",\"item\":\"https:\/\/kraftmuller.ma\/?page_id=121\"},{\"@type\":\"ListItem\",\"position\":3,\"name\":\"SERVANTE D\u2019ATELIER EXTREME TOOLS 6\/4 ROUGE 162 OUTILS\"}]},{\"@type\":\"WebSite\",\"@id\":\"https:\/\/kraftmuller.ma\/#website\",\"url\":\"https:\/\/kraftmuller.ma\/\",\"name\":\"KraftMuller Maroc\",\"description\":\"Vente de mat\u00e9riel d&#039;outillage\",\"publisher\":{\"@id\":\"https:\/\/kraftmuller.ma\/#organization\"},\"potentialAction\":[{\"@type\":\"SearchAction\",\"target\":{\"@type\":\"EntryPoint\",\"urlTemplate\":\"https:\/\/kraftmuller.ma\/?s={search_term_string}\"},\"query-input\":{\"@type\":\"PropertyValueSpecification\",\"valueRequired\":true,\"valueName\":\"search_term_string\"}}],\"inLanguage\":\"fr-FR\"},{\"@type\":\"Organization\",\"@id\":\"https:\/\/kraftmuller.ma\/#organization\",\"name\":\"KraftMuller Maroc\",\"url\":\"https:\/\/kraftmuller.ma\/\",\"logo\":{\"@type\":\"ImageObject\",\"inLanguage\":\"fr-FR\",\"@id\":\"https:\/\/kraftmuller.ma\/#\/schema\/logo\/image\/\",\"url\":\"https:\/\/kraftmuller.ma\/wp-content\/uploads\/2023\/04\/kraftunited.png\",\"contentUrl\":\"https:\/\/kraftmuller.ma\/wp-content\/uploads\/2023\/04\/kraftunited.png\",\"width\":1214,\"height\":163,\"caption\":\"KraftMuller Maroc\"},\"image\":{\"@id\":\"https:\/\/kraftmuller.ma\/#\/schema\/logo\/image\/\"}}]}<\/script>\n<!-- \/ Yoast SEO plugin. -->","yoast_head_json":{"title":"SERVANTE D\u2019ATELIER EXTREME TOOLS 6\/4 ROUGE 162 OUTILS - KraftMuller Maroc","robots":{"index":"index","follow":"follow","max-snippet":"max-snippet:-1","max-image-preview":"max-image-preview:large","max-video-preview":"max-video-preview:-1"},"canonical":"https:\/\/kraftmuller.ma\/?product=servante-datelier-extreme-tools-6-4-rouge-162-outils","og_locale":"fr_FR","og_type":"article","og_title":"SERVANTE D\u2019ATELIER EXTREME TOOLS 6\/4 ROUGE 162 OUTILS - KraftMuller Maroc","og_description":"Description SERVANTE D\u2019ATELIER 6 TIROIRS AVEC OUTILLAGE RENFORC\u00c9 ! Gr\u00e2ce \u00e0 sa poign\u00e9e ergonomique int\u00e9gr\u00e9e dans le plan de travail et ses roulettes avec frein promenez l\u00e0 partout dans votre atelier et ayez toujours l\u2019outil qu\u2019il vous faut. Acc\u00e9dez rapidement \u00e0 vos outils rang\u00e9s dans des tiroirs mont\u00e9s sur glissi\u00e8re t\u00e9lescopique avec roulement \u00e0 billes.Read More","og_url":"https:\/\/kraftmuller.ma\/?product=servante-datelier-extreme-tools-6-4-rouge-162-outils","og_site_name":"KraftMuller Maroc","article_modified_time":"2025-09-21T13:20:36+00:00","og_image":[{"width":1100,"height":1100,"url":"https:\/\/kraftmuller.ma\/wp-content\/uploads\/servante-d-atelier-extreme-tools-64-rouge-162-outils.webp","type":"image\/webp"}],"twitter_card":"summary_large_image","twitter_misc":{"Dur\u00e9e de lecture estim\u00e9e":"2 minutes"},"schema":{"@context":"https:\/\/schema.org","@graph":[{"@type":"WebPage","@id":"https:\/\/kraftmuller.ma\/?product=servante-datelier-extreme-tools-6-4-rouge-162-outils","url":"https:\/\/kraftmuller.ma\/?product=servante-datelier-extreme-tools-6-4-rouge-162-outils","name":"SERVANTE D\u2019ATELIER EXTREME TOOLS 6\/4 ROUGE 162 OUTILS - KraftMuller Maroc","isPartOf":{"@id":"https:\/\/kraftmuller.ma\/#website"},"primaryImageOfPage":{"@id":"https:\/\/kraftmuller.ma\/?product=servante-datelier-extreme-tools-6-4-rouge-162-outils#primaryimage"},"image":{"@id":"https:\/\/kraftmuller.ma\/?product=servante-datelier-extreme-tools-6-4-rouge-162-outils#primaryimage"},"thumbnailUrl":"https:\/\/kraftmuller.ma\/wp-content\/uploads\/servante-d-atelier-extreme-tools-64-rouge-162-outils.webp","datePublished":"2024-07-31T00:59:22+00:00","dateModified":"2025-09-21T13:20:36+00:00","breadcrumb":{"@id":"https:\/\/kraftmuller.ma\/?product=servante-datelier-extreme-tools-6-4-rouge-162-outils#breadcrumb"},"inLanguage":"fr-FR","potentialAction":[{"@type":"ReadAction","target":["https:\/\/kraftmuller.ma\/?product=servante-datelier-extreme-tools-6-4-rouge-162-outils"]}]},{"@type":"ImageObject","inLanguage":"fr-FR","@id":"https:\/\/kraftmuller.ma\/?product=servante-datelier-extreme-tools-6-4-rouge-162-outils#primaryimage","url":"https:\/\/kraftmuller.ma\/wp-content\/uploads\/servante-d-atelier-extreme-tools-64-rouge-162-outils.webp","contentUrl":"https:\/\/kraftmuller.ma\/wp-content\/uploads\/servante-d-atelier-extreme-tools-64-rouge-162-outils.webp","width":1100,"height":1100},{"@type":"BreadcrumbList","@id":"https:\/\/kraftmuller.ma\/?product=servante-datelier-extreme-tools-6-4-rouge-162-outils#breadcrumb","itemListElement":[{"@type":"ListItem","position":1,"name":"Accueil","item":"https:\/\/kraftmuller.ma\/"},{"@type":"ListItem","position":2,"name":"Shop","item":"https:\/\/kraftmuller.ma\/?page_id=121"},{"@type":"ListItem","position":3,"name":"SERVANTE D\u2019ATELIER EXTREME TOOLS 6\/4 ROUGE 162 OUTILS"}]},{"@type":"WebSite","@id":"https:\/\/kraftmuller.ma\/#website","url":"https:\/\/kraftmuller.ma\/","name":"KraftMuller Maroc","description":"Vente de mat\u00e9riel d&#039;outillage","publisher":{"@id":"https:\/\/kraftmuller.ma\/#organization"},"potentialAction":[{"@type":"SearchAction","target":{"@type":"EntryPoint","urlTemplate":"https:\/\/kraftmuller.ma\/?s={search_term_string}"},"query-input":{"@type":"PropertyValueSpecification","valueRequired":true,"valueName":"search_term_string"}}],"inLanguage":"fr-FR"},{"@type":"Organization","@id":"https:\/\/kraftmuller.ma\/#organization","name":"KraftMuller Maroc","url":"https:\/\/kraftmuller.ma\/","logo":{"@type":"ImageObject","inLanguage":"fr-FR","@id":"https:\/\/kraftmuller.ma\/#\/schema\/logo\/image\/","url":"https:\/\/kraftmuller.ma\/wp-content\/uploads\/2023\/04\/kraftunited.png","contentUrl":"https:\/\/kraftmuller.ma\/wp-content\/uploads\/2023\/04\/kraftunited.png","width":1214,"height":163,"caption":"KraftMuller Maroc"},"image":{"@id":"https:\/\/kraftmuller.ma\/#\/schema\/logo\/image\/"}}]}},"jetpack_sharing_enabled":true,"_links":{"self":[{"href":"https:\/\/kraftmuller.ma\/index.php?rest_route=\/wp\/v2\/product\/6253","targetHints":{"allow":["GET"]}}],"collection":[{"href":"https:\/\/kraftmuller.ma\/index.php?rest_route=\/wp\/v2\/product"}],"about":[{"href":"https:\/\/kraftmuller.ma\/index.php?rest_route=\/wp\/v2\/types\/product"}],"version-history":[{"count":1,"href":"https:\/\/kraftmuller.ma\/index.php?rest_route=\/wp\/v2\/product\/6253\/revisions"}],"predecessor-version":[{"id":6324,"href":"https:\/\/kraftmuller.ma\/index.php?rest_route=\/wp\/v2\/product\/6253\/revisions\/6324"}],"wp:featuredmedia":[{"embeddable":true,"href":"https:\/\/kraftmuller.ma\/index.php?rest_route=\/wp\/v2\/media\/6322"}],"wp:attachment":[{"href":"https:\/\/kraftmuller.ma\/index.php?rest_route=%2Fwp%2Fv2%2Fmedia&parent=6253"}],"wp:term":[{"taxonomy":"product_brand","embeddable":true,"href":"https:\/\/kraftmuller.ma\/index.php?rest_route=%2Fwp%2Fv2%2Fproduct_brand&post=6253"},{"taxonomy":"product_cat","embeddable":true,"href":"https:\/\/kraftmuller.ma\/index.php?rest_route=%2Fwp%2Fv2%2Fproduct_cat&post=6253"},{"taxonomy":"product_tag","embeddable":true,"href":"https:\/\/kraftmuller.ma\/index.php?rest_route=%2Fwp%2Fv2%2Fproduct_tag&post=6253"}],"curies":[{"name":"wp","href":"https:\/\/api.w.org\/{rel}","templated":true}]}}