{"id":5999,"date":"2023-11-19T19:59:52","date_gmt":"2023-11-19T18:59:52","guid":{"rendered":"https:\/\/kraftmuller.ma\/?post_type=product&#038;p=5999"},"modified":"2026-02-09T13:47:52","modified_gmt":"2026-02-09T12:47:52","slug":"kit-de-demontage-de-filtre-a-huile-15-pieces","status":"publish","type":"product","link":"https:\/\/kraftmuller.ma\/?product=kit-de-demontage-de-filtre-a-huile-15-pieces","title":{"rendered":"Kit de d\u00e9montage de filtre \u00e0 huile 15 pi\u00e8ces"},"content":{"rendered":"<p>Description<br \/>\nUn outil de haute qualit\u00e9 pour le montage et d\u00e9montage des filtres huiles courants ainsi que des couvercles des boitiers de filtre. Le jeu de cl\u00e9s polyvalent est compatible avec de nombreuses marques et mod\u00e8les de voiture.<\/p>\n<p>Le coffret en plastique pratique contient 14 cl\u00e9s coffres de filtre \u00e0 huile :<\/p>\n<p>&#8211; 65 mm x 14 pans compatible avec Daihatsu, Toyota, Nissan, Peugeot, Citro\u00ebn, Fiat<br \/>\n&#8211; 68 mm x 14 pans compatible avec Subaru, Mazda, Ford<br \/>\n&#8211; 65\/67 mm x 14 pans compatible avec Toyota, Nissan, Daihatsu, Fiat<br \/>\n&#8211; 74 mm x 15 pans compatible avec Audi, GM, Rover, Chrysler<br \/>\n&#8211; 74\/76 mm x 15 pans compatible avec VW, Audi, Opel, Mercedes, Ford<br \/>\n&#8211; 76 mm x 30 pans compatible avec Ford<br \/>\n&#8211; 76 mm x 14 pans compatible avec BMW, Mercedes, Porsche, VW<br \/>\n&#8211; 75\/77 mm x 15 pans compatible avec Ford, Renault, Isuzu<br \/>\n&#8211; 80 mm x 15 pans compatible avec Opel, Nissan, Mazda, Honda<br \/>\n&#8211; 80\/82 mm x 15 pans compatible avec Opel, Nissan, Mazda, Honda<br \/>\n&#8211; 90 mm x 15 pans compatible avec Isuzu, Honda, Mitsubishi<br \/>\n&#8211; 93 mm x 15 pans compatible avec Mitsubishi, Mazda, Nissan, Honda, Volvo<br \/>\n&#8211; 93 mm x 36 pans compatible avec f\u00fcr Ford<br \/>\n&#8211; 100 mm x 15 pans compatible avec Isuzu, Mitsubishi<br \/>\n&#8211; Un adaptateur<\/p>\n<p>Les coiffes ont un mandrin de 10 mm, en outre le contenu de la livraison contient un adaptateur \/ r\u00e9ducteur de 12, 5 mm (1\/2&Prime;) \u00e0 10 mm (3\/8&Prime;), vous donnant ainsi la possibilit\u00e9 de travailler aussi avec un plus grand cliquet (12,5 mm). &#8211; NON inclus \u00e0 la livraison-<\/p>\n","protected":false},"excerpt":{"rendered":"<p>Description Un outil de haute qualit\u00e9 pour le montage et d\u00e9montage des filtres huiles courants ainsi que des couvercles des boitiers de filtre. Le jeu de cl\u00e9s polyvalent est compatible avec de nombreuses marques et mod\u00e8les de voiture. Le coffret en plastique pratique contient 14 cl\u00e9s coffres de filtre \u00e0 huile : &#8211; 65 mm<\/p>\n<div class=\"klb-readmore button\"><a class=\"btn link\" href=\"https:\/\/kraftmuller.ma\/?product=kit-de-demontage-de-filtre-a-huile-15-pieces\">Read More <i class=\"klbth-icon-right-arrow\"><\/i><\/a><\/div>\n","protected":false},"featured_media":6000,"template":"","meta":[],"product_brand":[],"product_cat":[194],"product_tag":[],"class_list":{"0":"post-5999","1":"product","2":"type-product","3":"status-publish","4":"has-post-thumbnail","6":"product_cat-equipement-datelier","8":"first","9":"instock","10":"taxable","11":"shipping-taxable","12":"purchasable","13":"product-type-simple"},"yoast_head":"<!-- This site is optimized with the Yoast SEO plugin v25.3.1 - https:\/\/yoast.com\/wordpress\/plugins\/seo\/ -->\n<title>Kit de d\u00e9montage de filtre \u00e0 huile 15 pi\u00e8ces - KraftMuller Maroc<\/title>\n<meta name=\"robots\" content=\"index, follow, max-snippet:-1, max-image-preview:large, max-video-preview:-1\" \/>\n<link rel=\"canonical\" href=\"https:\/\/kraftmuller.ma\/?product=kit-de-demontage-de-filtre-a-huile-15-pieces\" \/>\n<meta property=\"og:locale\" content=\"fr_FR\" \/>\n<meta property=\"og:type\" content=\"article\" \/>\n<meta property=\"og:title\" content=\"Kit de d\u00e9montage de filtre \u00e0 huile 15 pi\u00e8ces - KraftMuller Maroc\" \/>\n<meta property=\"og:description\" content=\"Description Un outil de haute qualit\u00e9 pour le montage et d\u00e9montage des filtres huiles courants ainsi que des couvercles des boitiers de filtre. Le jeu de cl\u00e9s polyvalent est compatible avec de nombreuses marques et mod\u00e8les de voiture. Le coffret en plastique pratique contient 14 cl\u00e9s coffres de filtre \u00e0 huile : &#8211; 65 mmRead More\" \/>\n<meta property=\"og:url\" content=\"https:\/\/kraftmuller.ma\/?product=kit-de-demontage-de-filtre-a-huile-15-pieces\" \/>\n<meta property=\"og:site_name\" content=\"KraftMuller Maroc\" \/>\n<meta property=\"article:modified_time\" content=\"2026-02-09T12:47:52+00:00\" \/>\n<meta property=\"og:image\" content=\"https:\/\/kraftmuller.ma\/wp-content\/uploads\/bcvgftttr.jpg\" \/>\n\t<meta property=\"og:image:width\" content=\"395\" \/>\n\t<meta property=\"og:image:height\" content=\"395\" \/>\n\t<meta property=\"og:image:type\" content=\"image\/jpeg\" \/>\n<meta name=\"twitter:card\" content=\"summary_large_image\" \/>\n<meta name=\"twitter:label1\" content=\"Dur\u00e9e de lecture estim\u00e9e\" \/>\n\t<meta name=\"twitter:data1\" content=\"1 minute\" \/>\n<script type=\"application\/ld+json\" class=\"yoast-schema-graph\">{\"@context\":\"https:\/\/schema.org\",\"@graph\":[{\"@type\":\"WebPage\",\"@id\":\"https:\/\/kraftmuller.ma\/?product=kit-de-demontage-de-filtre-a-huile-15-pieces\",\"url\":\"https:\/\/kraftmuller.ma\/?product=kit-de-demontage-de-filtre-a-huile-15-pieces\",\"name\":\"Kit de d\u00e9montage de filtre \u00e0 huile 15 pi\u00e8ces - KraftMuller Maroc\",\"isPartOf\":{\"@id\":\"https:\/\/kraftmuller.ma\/#website\"},\"primaryImageOfPage\":{\"@id\":\"https:\/\/kraftmuller.ma\/?product=kit-de-demontage-de-filtre-a-huile-15-pieces#primaryimage\"},\"image\":{\"@id\":\"https:\/\/kraftmuller.ma\/?product=kit-de-demontage-de-filtre-a-huile-15-pieces#primaryimage\"},\"thumbnailUrl\":\"https:\/\/kraftmuller.ma\/wp-content\/uploads\/bcvgftttr.jpg\",\"datePublished\":\"2023-11-19T18:59:52+00:00\",\"dateModified\":\"2026-02-09T12:47:52+00:00\",\"breadcrumb\":{\"@id\":\"https:\/\/kraftmuller.ma\/?product=kit-de-demontage-de-filtre-a-huile-15-pieces#breadcrumb\"},\"inLanguage\":\"fr-FR\",\"potentialAction\":[{\"@type\":\"ReadAction\",\"target\":[\"https:\/\/kraftmuller.ma\/?product=kit-de-demontage-de-filtre-a-huile-15-pieces\"]}]},{\"@type\":\"ImageObject\",\"inLanguage\":\"fr-FR\",\"@id\":\"https:\/\/kraftmuller.ma\/?product=kit-de-demontage-de-filtre-a-huile-15-pieces#primaryimage\",\"url\":\"https:\/\/kraftmuller.ma\/wp-content\/uploads\/bcvgftttr.jpg\",\"contentUrl\":\"https:\/\/kraftmuller.ma\/wp-content\/uploads\/bcvgftttr.jpg\",\"width\":395,\"height\":395},{\"@type\":\"BreadcrumbList\",\"@id\":\"https:\/\/kraftmuller.ma\/?product=kit-de-demontage-de-filtre-a-huile-15-pieces#breadcrumb\",\"itemListElement\":[{\"@type\":\"ListItem\",\"position\":1,\"name\":\"Accueil\",\"item\":\"https:\/\/kraftmuller.ma\/\"},{\"@type\":\"ListItem\",\"position\":2,\"name\":\"Shop\",\"item\":\"https:\/\/kraftmuller.ma\/?page_id=121\"},{\"@type\":\"ListItem\",\"position\":3,\"name\":\"Kit de d\u00e9montage de filtre \u00e0 huile 15 pi\u00e8ces\"}]},{\"@type\":\"WebSite\",\"@id\":\"https:\/\/kraftmuller.ma\/#website\",\"url\":\"https:\/\/kraftmuller.ma\/\",\"name\":\"KraftMuller Maroc\",\"description\":\"Vente de mat\u00e9riel d&#039;outillage\",\"publisher\":{\"@id\":\"https:\/\/kraftmuller.ma\/#organization\"},\"potentialAction\":[{\"@type\":\"SearchAction\",\"target\":{\"@type\":\"EntryPoint\",\"urlTemplate\":\"https:\/\/kraftmuller.ma\/?s={search_term_string}\"},\"query-input\":{\"@type\":\"PropertyValueSpecification\",\"valueRequired\":true,\"valueName\":\"search_term_string\"}}],\"inLanguage\":\"fr-FR\"},{\"@type\":\"Organization\",\"@id\":\"https:\/\/kraftmuller.ma\/#organization\",\"name\":\"KraftMuller Maroc\",\"url\":\"https:\/\/kraftmuller.ma\/\",\"logo\":{\"@type\":\"ImageObject\",\"inLanguage\":\"fr-FR\",\"@id\":\"https:\/\/kraftmuller.ma\/#\/schema\/logo\/image\/\",\"url\":\"https:\/\/kraftmuller.ma\/wp-content\/uploads\/2023\/04\/kraftunited.png\",\"contentUrl\":\"https:\/\/kraftmuller.ma\/wp-content\/uploads\/2023\/04\/kraftunited.png\",\"width\":1214,\"height\":163,\"caption\":\"KraftMuller Maroc\"},\"image\":{\"@id\":\"https:\/\/kraftmuller.ma\/#\/schema\/logo\/image\/\"}}]}<\/script>\n<!-- \/ Yoast SEO plugin. -->","yoast_head_json":{"title":"Kit de d\u00e9montage de filtre \u00e0 huile 15 pi\u00e8ces - KraftMuller Maroc","robots":{"index":"index","follow":"follow","max-snippet":"max-snippet:-1","max-image-preview":"max-image-preview:large","max-video-preview":"max-video-preview:-1"},"canonical":"https:\/\/kraftmuller.ma\/?product=kit-de-demontage-de-filtre-a-huile-15-pieces","og_locale":"fr_FR","og_type":"article","og_title":"Kit de d\u00e9montage de filtre \u00e0 huile 15 pi\u00e8ces - KraftMuller Maroc","og_description":"Description Un outil de haute qualit\u00e9 pour le montage et d\u00e9montage des filtres huiles courants ainsi que des couvercles des boitiers de filtre. Le jeu de cl\u00e9s polyvalent est compatible avec de nombreuses marques et mod\u00e8les de voiture. Le coffret en plastique pratique contient 14 cl\u00e9s coffres de filtre \u00e0 huile : &#8211; 65 mmRead More","og_url":"https:\/\/kraftmuller.ma\/?product=kit-de-demontage-de-filtre-a-huile-15-pieces","og_site_name":"KraftMuller Maroc","article_modified_time":"2026-02-09T12:47:52+00:00","og_image":[{"width":395,"height":395,"url":"https:\/\/kraftmuller.ma\/wp-content\/uploads\/bcvgftttr.jpg","type":"image\/jpeg"}],"twitter_card":"summary_large_image","twitter_misc":{"Dur\u00e9e de lecture estim\u00e9e":"1 minute"},"schema":{"@context":"https:\/\/schema.org","@graph":[{"@type":"WebPage","@id":"https:\/\/kraftmuller.ma\/?product=kit-de-demontage-de-filtre-a-huile-15-pieces","url":"https:\/\/kraftmuller.ma\/?product=kit-de-demontage-de-filtre-a-huile-15-pieces","name":"Kit de d\u00e9montage de filtre \u00e0 huile 15 pi\u00e8ces - KraftMuller Maroc","isPartOf":{"@id":"https:\/\/kraftmuller.ma\/#website"},"primaryImageOfPage":{"@id":"https:\/\/kraftmuller.ma\/?product=kit-de-demontage-de-filtre-a-huile-15-pieces#primaryimage"},"image":{"@id":"https:\/\/kraftmuller.ma\/?product=kit-de-demontage-de-filtre-a-huile-15-pieces#primaryimage"},"thumbnailUrl":"https:\/\/kraftmuller.ma\/wp-content\/uploads\/bcvgftttr.jpg","datePublished":"2023-11-19T18:59:52+00:00","dateModified":"2026-02-09T12:47:52+00:00","breadcrumb":{"@id":"https:\/\/kraftmuller.ma\/?product=kit-de-demontage-de-filtre-a-huile-15-pieces#breadcrumb"},"inLanguage":"fr-FR","potentialAction":[{"@type":"ReadAction","target":["https:\/\/kraftmuller.ma\/?product=kit-de-demontage-de-filtre-a-huile-15-pieces"]}]},{"@type":"ImageObject","inLanguage":"fr-FR","@id":"https:\/\/kraftmuller.ma\/?product=kit-de-demontage-de-filtre-a-huile-15-pieces#primaryimage","url":"https:\/\/kraftmuller.ma\/wp-content\/uploads\/bcvgftttr.jpg","contentUrl":"https:\/\/kraftmuller.ma\/wp-content\/uploads\/bcvgftttr.jpg","width":395,"height":395},{"@type":"BreadcrumbList","@id":"https:\/\/kraftmuller.ma\/?product=kit-de-demontage-de-filtre-a-huile-15-pieces#breadcrumb","itemListElement":[{"@type":"ListItem","position":1,"name":"Accueil","item":"https:\/\/kraftmuller.ma\/"},{"@type":"ListItem","position":2,"name":"Shop","item":"https:\/\/kraftmuller.ma\/?page_id=121"},{"@type":"ListItem","position":3,"name":"Kit de d\u00e9montage de filtre \u00e0 huile 15 pi\u00e8ces"}]},{"@type":"WebSite","@id":"https:\/\/kraftmuller.ma\/#website","url":"https:\/\/kraftmuller.ma\/","name":"KraftMuller Maroc","description":"Vente de mat\u00e9riel d&#039;outillage","publisher":{"@id":"https:\/\/kraftmuller.ma\/#organization"},"potentialAction":[{"@type":"SearchAction","target":{"@type":"EntryPoint","urlTemplate":"https:\/\/kraftmuller.ma\/?s={search_term_string}"},"query-input":{"@type":"PropertyValueSpecification","valueRequired":true,"valueName":"search_term_string"}}],"inLanguage":"fr-FR"},{"@type":"Organization","@id":"https:\/\/kraftmuller.ma\/#organization","name":"KraftMuller Maroc","url":"https:\/\/kraftmuller.ma\/","logo":{"@type":"ImageObject","inLanguage":"fr-FR","@id":"https:\/\/kraftmuller.ma\/#\/schema\/logo\/image\/","url":"https:\/\/kraftmuller.ma\/wp-content\/uploads\/2023\/04\/kraftunited.png","contentUrl":"https:\/\/kraftmuller.ma\/wp-content\/uploads\/2023\/04\/kraftunited.png","width":1214,"height":163,"caption":"KraftMuller Maroc"},"image":{"@id":"https:\/\/kraftmuller.ma\/#\/schema\/logo\/image\/"}}]}},"jetpack_sharing_enabled":true,"_links":{"self":[{"href":"https:\/\/kraftmuller.ma\/index.php?rest_route=\/wp\/v2\/product\/5999","targetHints":{"allow":["GET"]}}],"collection":[{"href":"https:\/\/kraftmuller.ma\/index.php?rest_route=\/wp\/v2\/product"}],"about":[{"href":"https:\/\/kraftmuller.ma\/index.php?rest_route=\/wp\/v2\/types\/product"}],"version-history":[{"count":1,"href":"https:\/\/kraftmuller.ma\/index.php?rest_route=\/wp\/v2\/product\/5999\/revisions"}],"predecessor-version":[{"id":6003,"href":"https:\/\/kraftmuller.ma\/index.php?rest_route=\/wp\/v2\/product\/5999\/revisions\/6003"}],"wp:featuredmedia":[{"embeddable":true,"href":"https:\/\/kraftmuller.ma\/index.php?rest_route=\/wp\/v2\/media\/6000"}],"wp:attachment":[{"href":"https:\/\/kraftmuller.ma\/index.php?rest_route=%2Fwp%2Fv2%2Fmedia&parent=5999"}],"wp:term":[{"taxonomy":"product_brand","embeddable":true,"href":"https:\/\/kraftmuller.ma\/index.php?rest_route=%2Fwp%2Fv2%2Fproduct_brand&post=5999"},{"taxonomy":"product_cat","embeddable":true,"href":"https:\/\/kraftmuller.ma\/index.php?rest_route=%2Fwp%2Fv2%2Fproduct_cat&post=5999"},{"taxonomy":"product_tag","embeddable":true,"href":"https:\/\/kraftmuller.ma\/index.php?rest_route=%2Fwp%2Fv2%2Fproduct_tag&post=5999"}],"curies":[{"name":"wp","href":"https:\/\/api.w.org\/{rel}","templated":true}]}}