{"id":4786,"date":"2023-04-18T11:00:38","date_gmt":"2023-04-18T09:00:38","guid":{"rendered":"https:\/\/kraftmuller.ma\/?post_type=product&#038;p=4786"},"modified":"2026-02-09T13:36:50","modified_gmt":"2026-02-09T12:36:50","slug":"tronconneuse-a-metaux-1280-w","status":"publish","type":"product","link":"https:\/\/kraftmuller.ma\/?product=tronconneuse-a-metaux-1280-w","title":{"rendered":"Tron\u00e7onneuse \u00e0 m\u00e9taux, 1280 W"},"content":{"rendered":"<div class=\"c-2\">\n<div class=\"space p-r p-tb\"><b>Description<\/b><\/div>\n<\/div>\n<div class=\"c-8\">\n<div class=\"space p-tb\">\n<ul>\n<li>Pour une d\u00e9coupe rapide et pr\u00e9cise de l\u2019acier, des m\u00e9taux non ferreux, des profil\u00e9s en fonte et en fer<\/li>\n<li>Dispositif de serrage pour la fixation des pi\u00e8ces<\/li>\n<li>Angle de coupe r\u00e9glable en continu \u2013 avec graduation<\/li>\n<li>Changement ais\u00e9 des disques gr\u00e2ce au dispositif de blocage de broche SPINDLE LOCK<\/li>\n<li>Socle solide avec pieds en caoutchouc antid\u00e9rapants<\/li>\n<li>Protection de disque r\u00e9glable<\/li>\n<li>Bras \u00e0 levier avec poign\u00e9e caoutchout\u00e9e et dispositif de verrouillage pour le transport<\/li>\n<li>Poign\u00e9e de transport int\u00e9gr\u00e9e<\/li>\n<li>Adapt\u00e9e aux disques \u00e0 tron\u00e7onner standard jusqu\u2019\u00e0 \u00d8 180 mm<\/li>\n<\/ul>\n<\/div>\n<\/div>\n<hr \/>\n<div class=\"c-2\">\n<div class=\"space p-r p-tb\"><b>Infos techniques<\/b><\/div>\n<\/div>\n<div class=\"c-8\">\n<div class=\"space p-tb\">\n<ul>\n<li>Puissance nominale : 1 280 W<\/li>\n<li>Vitesse \u00e0 vide : 7 700 tr\/min<\/li>\n<li>Capacit\u00e9 de mesure : max. \u00d8 180 mm<\/li>\n<li>Filetage : M8<\/li>\n<li>Angle de coupe : 0-45\u00b0<\/li>\n<li>Profondeur de coupe max. \u00e0 0\u00b0 : 50 mm<\/li>\n<\/ul>\n<\/div>\n<\/div>\n<hr \/>\n<div class=\"c-2\">\n<div class=\"space p-r p-tb\"><b>Accessoires fournis<\/b><\/div>\n<\/div>\n<div class=\"c-8\">\n<div class=\"space p-tb\">\n<p>1 disque \u00e0 tron\u00e7onner pour les m\u00e9taux \u00d8 180 mm (pr\u00e9mont\u00e9), 2 cl\u00e9s \u00e0 six pans creux<\/p>\n<\/div>\n<\/div>\n<hr \/>\n<div class=\"c-2\">\n<div class=\"space p-r p-tb\"><b>Longueur<\/b><\/div>\n<\/div>\n<div class=\"c-8\">\n<div class=\"space p-tb\">\n<p>Cordon d\u2019alimentation\u00a0: 2\u00a0m<\/p>\n<\/div>\n<\/div>\n<hr \/>\n<div class=\"c-2\">\n<div class=\"space p-r p-tb\"><b>Poids<\/b><\/div>\n<\/div>\n<div class=\"c-8\">\n<div class=\"space p-tb\">\n<p>env. 6,5 kg<\/p>\n<\/div>\n<\/div>\n","protected":false},"excerpt":{"rendered":"<p><strong>Vitesse \u00e0 vide :<\/strong> 7 700 tpm<br \/>\n<strong>Disques \u00e0 tron\u00e7onner : <\/strong>max. \u00d8 180 mm<br \/>\n<strong>Puissance :<\/strong> 1 280 W<\/p>\n","protected":false},"featured_media":4791,"template":"","meta":[],"product_brand":[],"product_cat":[196,195],"product_tag":[],"class_list":{"0":"post-4786","1":"product","2":"type-product","3":"status-publish","4":"has-post-thumbnail","6":"product_cat-parkside","7":"product_cat-travail-du-bois-et-metaux","9":"first","10":"instock","11":"sale","12":"taxable","13":"shipping-taxable","14":"purchasable","15":"product-type-simple"},"yoast_head":"<!-- This site is optimized with the Yoast SEO plugin v25.3.1 - https:\/\/yoast.com\/wordpress\/plugins\/seo\/ -->\n<title>Tron\u00e7onneuse \u00e0 m\u00e9taux, 1280 W - KraftMuller Maroc<\/title>\n<meta name=\"robots\" content=\"index, follow, max-snippet:-1, max-image-preview:large, max-video-preview:-1\" \/>\n<link rel=\"canonical\" href=\"https:\/\/kraftmuller.ma\/?product=tronconneuse-a-metaux-1280-w\" \/>\n<meta property=\"og:locale\" content=\"fr_FR\" \/>\n<meta property=\"og:type\" content=\"article\" \/>\n<meta property=\"og:title\" content=\"Tron\u00e7onneuse \u00e0 m\u00e9taux, 1280 W - KraftMuller Maroc\" \/>\n<meta property=\"og:description\" content=\"Vitesse \u00e0 vide : 7 700 tpm Disques \u00e0 tron\u00e7onner : max. \u00d8 180 mm Puissance : 1 280 W\" \/>\n<meta property=\"og:url\" content=\"https:\/\/kraftmuller.ma\/?product=tronconneuse-a-metaux-1280-w\" \/>\n<meta property=\"og:site_name\" content=\"KraftMuller Maroc\" \/>\n<meta property=\"article:modified_time\" content=\"2026-02-09T12:36:50+00:00\" \/>\n<meta property=\"og:image\" content=\"https:\/\/kraftmuller.ma\/wp-content\/uploads\/2023\/04\/gcpf70dc3d19400475ca0d354e4fa828964.jpeg\" \/>\n\t<meta property=\"og:image:width\" content=\"1500\" \/>\n\t<meta property=\"og:image:height\" content=\"1125\" \/>\n\t<meta property=\"og:image:type\" content=\"image\/jpeg\" \/>\n<meta name=\"twitter:card\" content=\"summary_large_image\" \/>\n<meta name=\"twitter:label1\" content=\"Dur\u00e9e de lecture estim\u00e9e\" \/>\n\t<meta name=\"twitter:data1\" content=\"1 minute\" \/>\n<script type=\"application\/ld+json\" class=\"yoast-schema-graph\">{\"@context\":\"https:\/\/schema.org\",\"@graph\":[{\"@type\":\"WebPage\",\"@id\":\"https:\/\/kraftmuller.ma\/?product=tronconneuse-a-metaux-1280-w\",\"url\":\"https:\/\/kraftmuller.ma\/?product=tronconneuse-a-metaux-1280-w\",\"name\":\"Tron\u00e7onneuse \u00e0 m\u00e9taux, 1280 W - KraftMuller Maroc\",\"isPartOf\":{\"@id\":\"https:\/\/kraftmuller.ma\/#website\"},\"primaryImageOfPage\":{\"@id\":\"https:\/\/kraftmuller.ma\/?product=tronconneuse-a-metaux-1280-w#primaryimage\"},\"image\":{\"@id\":\"https:\/\/kraftmuller.ma\/?product=tronconneuse-a-metaux-1280-w#primaryimage\"},\"thumbnailUrl\":\"https:\/\/kraftmuller.ma\/wp-content\/uploads\/2023\/04\/gcpf70dc3d19400475ca0d354e4fa828964.jpeg\",\"datePublished\":\"2023-04-18T09:00:38+00:00\",\"dateModified\":\"2026-02-09T12:36:50+00:00\",\"breadcrumb\":{\"@id\":\"https:\/\/kraftmuller.ma\/?product=tronconneuse-a-metaux-1280-w#breadcrumb\"},\"inLanguage\":\"fr-FR\",\"potentialAction\":[{\"@type\":\"ReadAction\",\"target\":[\"https:\/\/kraftmuller.ma\/?product=tronconneuse-a-metaux-1280-w\"]}]},{\"@type\":\"ImageObject\",\"inLanguage\":\"fr-FR\",\"@id\":\"https:\/\/kraftmuller.ma\/?product=tronconneuse-a-metaux-1280-w#primaryimage\",\"url\":\"https:\/\/kraftmuller.ma\/wp-content\/uploads\/2023\/04\/gcpf70dc3d19400475ca0d354e4fa828964.jpeg\",\"contentUrl\":\"https:\/\/kraftmuller.ma\/wp-content\/uploads\/2023\/04\/gcpf70dc3d19400475ca0d354e4fa828964.jpeg\",\"width\":1500,\"height\":1125},{\"@type\":\"BreadcrumbList\",\"@id\":\"https:\/\/kraftmuller.ma\/?product=tronconneuse-a-metaux-1280-w#breadcrumb\",\"itemListElement\":[{\"@type\":\"ListItem\",\"position\":1,\"name\":\"Accueil\",\"item\":\"https:\/\/kraftmuller.ma\/\"},{\"@type\":\"ListItem\",\"position\":2,\"name\":\"Shop\",\"item\":\"https:\/\/kraftmuller.ma\/?page_id=121\"},{\"@type\":\"ListItem\",\"position\":3,\"name\":\"Tron\u00e7onneuse \u00e0 m\u00e9taux, 1280 W\"}]},{\"@type\":\"WebSite\",\"@id\":\"https:\/\/kraftmuller.ma\/#website\",\"url\":\"https:\/\/kraftmuller.ma\/\",\"name\":\"KraftMuller Maroc\",\"description\":\"Vente de mat\u00e9riel d&#039;outillage\",\"publisher\":{\"@id\":\"https:\/\/kraftmuller.ma\/#organization\"},\"potentialAction\":[{\"@type\":\"SearchAction\",\"target\":{\"@type\":\"EntryPoint\",\"urlTemplate\":\"https:\/\/kraftmuller.ma\/?s={search_term_string}\"},\"query-input\":{\"@type\":\"PropertyValueSpecification\",\"valueRequired\":true,\"valueName\":\"search_term_string\"}}],\"inLanguage\":\"fr-FR\"},{\"@type\":\"Organization\",\"@id\":\"https:\/\/kraftmuller.ma\/#organization\",\"name\":\"KraftMuller Maroc\",\"url\":\"https:\/\/kraftmuller.ma\/\",\"logo\":{\"@type\":\"ImageObject\",\"inLanguage\":\"fr-FR\",\"@id\":\"https:\/\/kraftmuller.ma\/#\/schema\/logo\/image\/\",\"url\":\"https:\/\/kraftmuller.ma\/wp-content\/uploads\/2023\/04\/kraftunited.png\",\"contentUrl\":\"https:\/\/kraftmuller.ma\/wp-content\/uploads\/2023\/04\/kraftunited.png\",\"width\":1214,\"height\":163,\"caption\":\"KraftMuller Maroc\"},\"image\":{\"@id\":\"https:\/\/kraftmuller.ma\/#\/schema\/logo\/image\/\"}}]}<\/script>\n<!-- \/ Yoast SEO plugin. -->","yoast_head_json":{"title":"Tron\u00e7onneuse \u00e0 m\u00e9taux, 1280 W - KraftMuller Maroc","robots":{"index":"index","follow":"follow","max-snippet":"max-snippet:-1","max-image-preview":"max-image-preview:large","max-video-preview":"max-video-preview:-1"},"canonical":"https:\/\/kraftmuller.ma\/?product=tronconneuse-a-metaux-1280-w","og_locale":"fr_FR","og_type":"article","og_title":"Tron\u00e7onneuse \u00e0 m\u00e9taux, 1280 W - KraftMuller Maroc","og_description":"Vitesse \u00e0 vide : 7 700 tpm Disques \u00e0 tron\u00e7onner : max. \u00d8 180 mm Puissance : 1 280 W","og_url":"https:\/\/kraftmuller.ma\/?product=tronconneuse-a-metaux-1280-w","og_site_name":"KraftMuller Maroc","article_modified_time":"2026-02-09T12:36:50+00:00","og_image":[{"width":1500,"height":1125,"url":"https:\/\/kraftmuller.ma\/wp-content\/uploads\/2023\/04\/gcpf70dc3d19400475ca0d354e4fa828964.jpeg","type":"image\/jpeg"}],"twitter_card":"summary_large_image","twitter_misc":{"Dur\u00e9e de lecture estim\u00e9e":"1 minute"},"schema":{"@context":"https:\/\/schema.org","@graph":[{"@type":"WebPage","@id":"https:\/\/kraftmuller.ma\/?product=tronconneuse-a-metaux-1280-w","url":"https:\/\/kraftmuller.ma\/?product=tronconneuse-a-metaux-1280-w","name":"Tron\u00e7onneuse \u00e0 m\u00e9taux, 1280 W - KraftMuller Maroc","isPartOf":{"@id":"https:\/\/kraftmuller.ma\/#website"},"primaryImageOfPage":{"@id":"https:\/\/kraftmuller.ma\/?product=tronconneuse-a-metaux-1280-w#primaryimage"},"image":{"@id":"https:\/\/kraftmuller.ma\/?product=tronconneuse-a-metaux-1280-w#primaryimage"},"thumbnailUrl":"https:\/\/kraftmuller.ma\/wp-content\/uploads\/2023\/04\/gcpf70dc3d19400475ca0d354e4fa828964.jpeg","datePublished":"2023-04-18T09:00:38+00:00","dateModified":"2026-02-09T12:36:50+00:00","breadcrumb":{"@id":"https:\/\/kraftmuller.ma\/?product=tronconneuse-a-metaux-1280-w#breadcrumb"},"inLanguage":"fr-FR","potentialAction":[{"@type":"ReadAction","target":["https:\/\/kraftmuller.ma\/?product=tronconneuse-a-metaux-1280-w"]}]},{"@type":"ImageObject","inLanguage":"fr-FR","@id":"https:\/\/kraftmuller.ma\/?product=tronconneuse-a-metaux-1280-w#primaryimage","url":"https:\/\/kraftmuller.ma\/wp-content\/uploads\/2023\/04\/gcpf70dc3d19400475ca0d354e4fa828964.jpeg","contentUrl":"https:\/\/kraftmuller.ma\/wp-content\/uploads\/2023\/04\/gcpf70dc3d19400475ca0d354e4fa828964.jpeg","width":1500,"height":1125},{"@type":"BreadcrumbList","@id":"https:\/\/kraftmuller.ma\/?product=tronconneuse-a-metaux-1280-w#breadcrumb","itemListElement":[{"@type":"ListItem","position":1,"name":"Accueil","item":"https:\/\/kraftmuller.ma\/"},{"@type":"ListItem","position":2,"name":"Shop","item":"https:\/\/kraftmuller.ma\/?page_id=121"},{"@type":"ListItem","position":3,"name":"Tron\u00e7onneuse \u00e0 m\u00e9taux, 1280 W"}]},{"@type":"WebSite","@id":"https:\/\/kraftmuller.ma\/#website","url":"https:\/\/kraftmuller.ma\/","name":"KraftMuller Maroc","description":"Vente de mat\u00e9riel d&#039;outillage","publisher":{"@id":"https:\/\/kraftmuller.ma\/#organization"},"potentialAction":[{"@type":"SearchAction","target":{"@type":"EntryPoint","urlTemplate":"https:\/\/kraftmuller.ma\/?s={search_term_string}"},"query-input":{"@type":"PropertyValueSpecification","valueRequired":true,"valueName":"search_term_string"}}],"inLanguage":"fr-FR"},{"@type":"Organization","@id":"https:\/\/kraftmuller.ma\/#organization","name":"KraftMuller Maroc","url":"https:\/\/kraftmuller.ma\/","logo":{"@type":"ImageObject","inLanguage":"fr-FR","@id":"https:\/\/kraftmuller.ma\/#\/schema\/logo\/image\/","url":"https:\/\/kraftmuller.ma\/wp-content\/uploads\/2023\/04\/kraftunited.png","contentUrl":"https:\/\/kraftmuller.ma\/wp-content\/uploads\/2023\/04\/kraftunited.png","width":1214,"height":163,"caption":"KraftMuller Maroc"},"image":{"@id":"https:\/\/kraftmuller.ma\/#\/schema\/logo\/image\/"}}]}},"jetpack_sharing_enabled":true,"_links":{"self":[{"href":"https:\/\/kraftmuller.ma\/index.php?rest_route=\/wp\/v2\/product\/4786","targetHints":{"allow":["GET"]}}],"collection":[{"href":"https:\/\/kraftmuller.ma\/index.php?rest_route=\/wp\/v2\/product"}],"about":[{"href":"https:\/\/kraftmuller.ma\/index.php?rest_route=\/wp\/v2\/types\/product"}],"version-history":[{"count":1,"href":"https:\/\/kraftmuller.ma\/index.php?rest_route=\/wp\/v2\/product\/4786\/revisions"}],"predecessor-version":[{"id":6366,"href":"https:\/\/kraftmuller.ma\/index.php?rest_route=\/wp\/v2\/product\/4786\/revisions\/6366"}],"wp:featuredmedia":[{"embeddable":true,"href":"https:\/\/kraftmuller.ma\/index.php?rest_route=\/wp\/v2\/media\/4791"}],"wp:attachment":[{"href":"https:\/\/kraftmuller.ma\/index.php?rest_route=%2Fwp%2Fv2%2Fmedia&parent=4786"}],"wp:term":[{"taxonomy":"product_brand","embeddable":true,"href":"https:\/\/kraftmuller.ma\/index.php?rest_route=%2Fwp%2Fv2%2Fproduct_brand&post=4786"},{"taxonomy":"product_cat","embeddable":true,"href":"https:\/\/kraftmuller.ma\/index.php?rest_route=%2Fwp%2Fv2%2Fproduct_cat&post=4786"},{"taxonomy":"product_tag","embeddable":true,"href":"https:\/\/kraftmuller.ma\/index.php?rest_route=%2Fwp%2Fv2%2Fproduct_tag&post=4786"}],"curies":[{"name":"wp","href":"https:\/\/api.w.org\/{rel}","templated":true}]}}