{"id":4780,"date":"2023-04-18T10:58:11","date_gmt":"2023-04-18T08:58:11","guid":{"rendered":"https:\/\/kraftmuller.ma\/?post_type=product&#038;p=4780"},"modified":"2026-02-09T13:37:04","modified_gmt":"2026-02-09T12:37:04","slug":"pompe-a-vidange-dhuile-60-w","status":"publish","type":"product","link":"https:\/\/kraftmuller.ma\/?product=pompe-a-vidange-dhuile-60-w","title":{"rendered":"Pompe \u00e0 vidange d\u2019huile, 60 W"},"content":{"rendered":"<div class=\"c-2\">\n<div class=\"space p-r p-tb\"><b>Description<\/b><\/div>\n<\/div>\n<div class=\"c-8\">\n<div class=\"space p-tb\">\n<ul>\n<li>Fonctionne sur batterie auto de 12 V<\/li>\n<li>Pour vidanger l\u2019huile facilement et proprement<\/li>\n<li>Permet de pomper l\u2019huile de moteur, le gasoil et le fioul<\/li>\n<li>Utilisation facile gr\u00e2ce \u00e0 un long tuyau d\u2019aspiration et un long tuyau de vidange (1,2 m \/ 2\u00a0m)<\/li>\n<li>Pinces \u00e0 batterie isol\u00e9es et c\u00e2ble en spirale<\/li>\n<li>Bo\u00eetier solide avec pieds antid\u00e9rapants<\/li>\n<\/ul>\n<\/div>\n<\/div>\n<hr \/>\n<div class=\"c-2\">\n<div class=\"space p-r p-tb\"><b>Infos techniques<\/b><\/div>\n<\/div>\n<div class=\"c-8\">\n<div class=\"space p-tb\">\n<ul>\n<li>D\u00e9bit max.\u00a0: huile de moteur (max. 60\u00a0\u00b0C)\u00a0: env. 0,2\u00a0l\/min ; mazout, diesel\u00a0: env. 1,5\u00a0l\/min<\/li>\n<li>Puissance absorb\u00e9e\u00a0: 60 W<\/li>\n<li>Autonomie\u00a0: 30\u00a0min<\/li>\n<\/ul>\n<\/div>\n<\/div>\n<hr \/>\n<div class=\"c-2\">\n<div class=\"space p-r p-tb\"><b>Accessoires fournis<\/b><\/div>\n<\/div>\n<div class=\"c-8\">\n<div class=\"space p-tb\">\n<p>1 pompe \u00e0 huile avec c\u00e2ble en spirale et pinces \u00e0 batterie, 1 tuyau d\u2019aspiration (1,2\u00a0m), 1 tuyau de vidange (2,0\u00a0m), 2 colliers de serrage Mode d\u2019emploi inclus<\/p>\n<\/div>\n<\/div>\n","protected":false},"excerpt":{"rendered":"<p><strong>Autonomie\u00a0: <\/strong>30\u00a0min<br \/>\n<strong>D\u00e9bit max.\u00a0:<\/strong> huile de moteur (max. 60\u00a0\u00b0C)\u00a0: env. 0,2\u00a0l\/min |\u00a0mazout, diesel\u00a0: env. 1,5\u00a0l\/min<\/p>\n","protected":false},"featured_media":4785,"template":"","meta":[],"product_brand":[],"product_cat":[196],"product_tag":[],"class_list":{"0":"post-4780","1":"product","2":"type-product","3":"status-publish","4":"has-post-thumbnail","6":"product_cat-parkside","8":"first","9":"instock","10":"taxable","11":"shipping-taxable","12":"purchasable","13":"product-type-simple"},"yoast_head":"<!-- This site is optimized with the Yoast SEO plugin v25.3.1 - https:\/\/yoast.com\/wordpress\/plugins\/seo\/ -->\n<title>Pompe \u00e0 vidange d\u2019huile, 60 W - KraftMuller Maroc<\/title>\n<meta name=\"robots\" content=\"index, follow, max-snippet:-1, max-image-preview:large, max-video-preview:-1\" \/>\n<link rel=\"canonical\" href=\"https:\/\/kraftmuller.ma\/?product=pompe-a-vidange-dhuile-60-w\" \/>\n<meta property=\"og:locale\" content=\"fr_FR\" \/>\n<meta property=\"og:type\" content=\"article\" \/>\n<meta property=\"og:title\" content=\"Pompe \u00e0 vidange d\u2019huile, 60 W - KraftMuller Maroc\" \/>\n<meta property=\"og:description\" content=\"Autonomie\u00a0: 30\u00a0min D\u00e9bit max.\u00a0: huile de moteur (max. 60\u00a0\u00b0C)\u00a0: env. 0,2\u00a0l\/min |\u00a0mazout, diesel\u00a0: env. 1,5\u00a0l\/min\" \/>\n<meta property=\"og:url\" content=\"https:\/\/kraftmuller.ma\/?product=pompe-a-vidange-dhuile-60-w\" \/>\n<meta property=\"og:site_name\" content=\"KraftMuller Maroc\" \/>\n<meta property=\"article:modified_time\" content=\"2026-02-09T12:37:04+00:00\" \/>\n<meta property=\"og:image\" content=\"https:\/\/kraftmuller.ma\/wp-content\/uploads\/2023\/04\/gcp9a00d32202fd488e8793587c72e18bcc.jpeg\" \/>\n\t<meta property=\"og:image:width\" content=\"1500\" \/>\n\t<meta property=\"og:image:height\" content=\"1125\" \/>\n\t<meta property=\"og:image:type\" content=\"image\/jpeg\" \/>\n<meta name=\"twitter:card\" content=\"summary_large_image\" \/>\n<meta name=\"twitter:label1\" content=\"Dur\u00e9e de lecture estim\u00e9e\" \/>\n\t<meta name=\"twitter:data1\" content=\"1 minute\" \/>\n<script type=\"application\/ld+json\" class=\"yoast-schema-graph\">{\"@context\":\"https:\/\/schema.org\",\"@graph\":[{\"@type\":\"WebPage\",\"@id\":\"https:\/\/kraftmuller.ma\/?product=pompe-a-vidange-dhuile-60-w\",\"url\":\"https:\/\/kraftmuller.ma\/?product=pompe-a-vidange-dhuile-60-w\",\"name\":\"Pompe \u00e0 vidange d\u2019huile, 60 W - KraftMuller Maroc\",\"isPartOf\":{\"@id\":\"https:\/\/kraftmuller.ma\/#website\"},\"primaryImageOfPage\":{\"@id\":\"https:\/\/kraftmuller.ma\/?product=pompe-a-vidange-dhuile-60-w#primaryimage\"},\"image\":{\"@id\":\"https:\/\/kraftmuller.ma\/?product=pompe-a-vidange-dhuile-60-w#primaryimage\"},\"thumbnailUrl\":\"https:\/\/kraftmuller.ma\/wp-content\/uploads\/2023\/04\/gcp9a00d32202fd488e8793587c72e18bcc.jpeg\",\"datePublished\":\"2023-04-18T08:58:11+00:00\",\"dateModified\":\"2026-02-09T12:37:04+00:00\",\"breadcrumb\":{\"@id\":\"https:\/\/kraftmuller.ma\/?product=pompe-a-vidange-dhuile-60-w#breadcrumb\"},\"inLanguage\":\"fr-FR\",\"potentialAction\":[{\"@type\":\"ReadAction\",\"target\":[\"https:\/\/kraftmuller.ma\/?product=pompe-a-vidange-dhuile-60-w\"]}]},{\"@type\":\"ImageObject\",\"inLanguage\":\"fr-FR\",\"@id\":\"https:\/\/kraftmuller.ma\/?product=pompe-a-vidange-dhuile-60-w#primaryimage\",\"url\":\"https:\/\/kraftmuller.ma\/wp-content\/uploads\/2023\/04\/gcp9a00d32202fd488e8793587c72e18bcc.jpeg\",\"contentUrl\":\"https:\/\/kraftmuller.ma\/wp-content\/uploads\/2023\/04\/gcp9a00d32202fd488e8793587c72e18bcc.jpeg\",\"width\":1500,\"height\":1125},{\"@type\":\"BreadcrumbList\",\"@id\":\"https:\/\/kraftmuller.ma\/?product=pompe-a-vidange-dhuile-60-w#breadcrumb\",\"itemListElement\":[{\"@type\":\"ListItem\",\"position\":1,\"name\":\"Accueil\",\"item\":\"https:\/\/kraftmuller.ma\/\"},{\"@type\":\"ListItem\",\"position\":2,\"name\":\"Shop\",\"item\":\"https:\/\/kraftmuller.ma\/?page_id=121\"},{\"@type\":\"ListItem\",\"position\":3,\"name\":\"Pompe \u00e0 vidange d\u2019huile, 60 W\"}]},{\"@type\":\"WebSite\",\"@id\":\"https:\/\/kraftmuller.ma\/#website\",\"url\":\"https:\/\/kraftmuller.ma\/\",\"name\":\"KraftMuller Maroc\",\"description\":\"Vente de mat\u00e9riel d&#039;outillage\",\"publisher\":{\"@id\":\"https:\/\/kraftmuller.ma\/#organization\"},\"potentialAction\":[{\"@type\":\"SearchAction\",\"target\":{\"@type\":\"EntryPoint\",\"urlTemplate\":\"https:\/\/kraftmuller.ma\/?s={search_term_string}\"},\"query-input\":{\"@type\":\"PropertyValueSpecification\",\"valueRequired\":true,\"valueName\":\"search_term_string\"}}],\"inLanguage\":\"fr-FR\"},{\"@type\":\"Organization\",\"@id\":\"https:\/\/kraftmuller.ma\/#organization\",\"name\":\"KraftMuller Maroc\",\"url\":\"https:\/\/kraftmuller.ma\/\",\"logo\":{\"@type\":\"ImageObject\",\"inLanguage\":\"fr-FR\",\"@id\":\"https:\/\/kraftmuller.ma\/#\/schema\/logo\/image\/\",\"url\":\"https:\/\/kraftmuller.ma\/wp-content\/uploads\/2023\/04\/kraftunited.png\",\"contentUrl\":\"https:\/\/kraftmuller.ma\/wp-content\/uploads\/2023\/04\/kraftunited.png\",\"width\":1214,\"height\":163,\"caption\":\"KraftMuller Maroc\"},\"image\":{\"@id\":\"https:\/\/kraftmuller.ma\/#\/schema\/logo\/image\/\"}}]}<\/script>\n<!-- \/ Yoast SEO plugin. -->","yoast_head_json":{"title":"Pompe \u00e0 vidange d\u2019huile, 60 W - KraftMuller Maroc","robots":{"index":"index","follow":"follow","max-snippet":"max-snippet:-1","max-image-preview":"max-image-preview:large","max-video-preview":"max-video-preview:-1"},"canonical":"https:\/\/kraftmuller.ma\/?product=pompe-a-vidange-dhuile-60-w","og_locale":"fr_FR","og_type":"article","og_title":"Pompe \u00e0 vidange d\u2019huile, 60 W - KraftMuller Maroc","og_description":"Autonomie\u00a0: 30\u00a0min D\u00e9bit max.\u00a0: huile de moteur (max. 60\u00a0\u00b0C)\u00a0: env. 0,2\u00a0l\/min |\u00a0mazout, diesel\u00a0: env. 1,5\u00a0l\/min","og_url":"https:\/\/kraftmuller.ma\/?product=pompe-a-vidange-dhuile-60-w","og_site_name":"KraftMuller Maroc","article_modified_time":"2026-02-09T12:37:04+00:00","og_image":[{"width":1500,"height":1125,"url":"https:\/\/kraftmuller.ma\/wp-content\/uploads\/2023\/04\/gcp9a00d32202fd488e8793587c72e18bcc.jpeg","type":"image\/jpeg"}],"twitter_card":"summary_large_image","twitter_misc":{"Dur\u00e9e de lecture estim\u00e9e":"1 minute"},"schema":{"@context":"https:\/\/schema.org","@graph":[{"@type":"WebPage","@id":"https:\/\/kraftmuller.ma\/?product=pompe-a-vidange-dhuile-60-w","url":"https:\/\/kraftmuller.ma\/?product=pompe-a-vidange-dhuile-60-w","name":"Pompe \u00e0 vidange d\u2019huile, 60 W - KraftMuller Maroc","isPartOf":{"@id":"https:\/\/kraftmuller.ma\/#website"},"primaryImageOfPage":{"@id":"https:\/\/kraftmuller.ma\/?product=pompe-a-vidange-dhuile-60-w#primaryimage"},"image":{"@id":"https:\/\/kraftmuller.ma\/?product=pompe-a-vidange-dhuile-60-w#primaryimage"},"thumbnailUrl":"https:\/\/kraftmuller.ma\/wp-content\/uploads\/2023\/04\/gcp9a00d32202fd488e8793587c72e18bcc.jpeg","datePublished":"2023-04-18T08:58:11+00:00","dateModified":"2026-02-09T12:37:04+00:00","breadcrumb":{"@id":"https:\/\/kraftmuller.ma\/?product=pompe-a-vidange-dhuile-60-w#breadcrumb"},"inLanguage":"fr-FR","potentialAction":[{"@type":"ReadAction","target":["https:\/\/kraftmuller.ma\/?product=pompe-a-vidange-dhuile-60-w"]}]},{"@type":"ImageObject","inLanguage":"fr-FR","@id":"https:\/\/kraftmuller.ma\/?product=pompe-a-vidange-dhuile-60-w#primaryimage","url":"https:\/\/kraftmuller.ma\/wp-content\/uploads\/2023\/04\/gcp9a00d32202fd488e8793587c72e18bcc.jpeg","contentUrl":"https:\/\/kraftmuller.ma\/wp-content\/uploads\/2023\/04\/gcp9a00d32202fd488e8793587c72e18bcc.jpeg","width":1500,"height":1125},{"@type":"BreadcrumbList","@id":"https:\/\/kraftmuller.ma\/?product=pompe-a-vidange-dhuile-60-w#breadcrumb","itemListElement":[{"@type":"ListItem","position":1,"name":"Accueil","item":"https:\/\/kraftmuller.ma\/"},{"@type":"ListItem","position":2,"name":"Shop","item":"https:\/\/kraftmuller.ma\/?page_id=121"},{"@type":"ListItem","position":3,"name":"Pompe \u00e0 vidange d\u2019huile, 60 W"}]},{"@type":"WebSite","@id":"https:\/\/kraftmuller.ma\/#website","url":"https:\/\/kraftmuller.ma\/","name":"KraftMuller Maroc","description":"Vente de mat\u00e9riel d&#039;outillage","publisher":{"@id":"https:\/\/kraftmuller.ma\/#organization"},"potentialAction":[{"@type":"SearchAction","target":{"@type":"EntryPoint","urlTemplate":"https:\/\/kraftmuller.ma\/?s={search_term_string}"},"query-input":{"@type":"PropertyValueSpecification","valueRequired":true,"valueName":"search_term_string"}}],"inLanguage":"fr-FR"},{"@type":"Organization","@id":"https:\/\/kraftmuller.ma\/#organization","name":"KraftMuller Maroc","url":"https:\/\/kraftmuller.ma\/","logo":{"@type":"ImageObject","inLanguage":"fr-FR","@id":"https:\/\/kraftmuller.ma\/#\/schema\/logo\/image\/","url":"https:\/\/kraftmuller.ma\/wp-content\/uploads\/2023\/04\/kraftunited.png","contentUrl":"https:\/\/kraftmuller.ma\/wp-content\/uploads\/2023\/04\/kraftunited.png","width":1214,"height":163,"caption":"KraftMuller Maroc"},"image":{"@id":"https:\/\/kraftmuller.ma\/#\/schema\/logo\/image\/"}}]}},"jetpack_sharing_enabled":true,"_links":{"self":[{"href":"https:\/\/kraftmuller.ma\/index.php?rest_route=\/wp\/v2\/product\/4780","targetHints":{"allow":["GET"]}}],"collection":[{"href":"https:\/\/kraftmuller.ma\/index.php?rest_route=\/wp\/v2\/product"}],"about":[{"href":"https:\/\/kraftmuller.ma\/index.php?rest_route=\/wp\/v2\/types\/product"}],"version-history":[{"count":1,"href":"https:\/\/kraftmuller.ma\/index.php?rest_route=\/wp\/v2\/product\/4780\/revisions"}],"predecessor-version":[{"id":5886,"href":"https:\/\/kraftmuller.ma\/index.php?rest_route=\/wp\/v2\/product\/4780\/revisions\/5886"}],"wp:featuredmedia":[{"embeddable":true,"href":"https:\/\/kraftmuller.ma\/index.php?rest_route=\/wp\/v2\/media\/4785"}],"wp:attachment":[{"href":"https:\/\/kraftmuller.ma\/index.php?rest_route=%2Fwp%2Fv2%2Fmedia&parent=4780"}],"wp:term":[{"taxonomy":"product_brand","embeddable":true,"href":"https:\/\/kraftmuller.ma\/index.php?rest_route=%2Fwp%2Fv2%2Fproduct_brand&post=4780"},{"taxonomy":"product_cat","embeddable":true,"href":"https:\/\/kraftmuller.ma\/index.php?rest_route=%2Fwp%2Fv2%2Fproduct_cat&post=4780"},{"taxonomy":"product_tag","embeddable":true,"href":"https:\/\/kraftmuller.ma\/index.php?rest_route=%2Fwp%2Fv2%2Fproduct_tag&post=4780"}],"curies":[{"name":"wp","href":"https:\/\/api.w.org\/{rel}","templated":true}]}}