{"id":4551,"date":"2023-04-17T16:53:35","date_gmt":"2023-04-17T14:53:35","guid":{"rendered":"https:\/\/kraftmuller.ma\/?post_type=product&#038;p=4551"},"modified":"2026-02-09T13:38:46","modified_gmt":"2026-02-09T12:38:46","slug":"set-doutils-ou-set-de-tournevis-a-douille-1-000-v","status":"publish","type":"product","link":"https:\/\/kraftmuller.ma\/?product=set-doutils-ou-set-de-tournevis-a-douille-1-000-v","title":{"rendered":"Set d\u2019outils de tournevis et une pince isol\u00e9s tension max 1000 V"},"content":{"rendered":"<ul>\n<li>Outils isol\u00e9s selon la norme DIN EN 60900 \u2013 pour travailler en toute s\u00e9curit\u00e9 sur des pi\u00e8ces sous tension jusqu\u2019\u00e0 1000V<\/li>\n<li>En acier<\/li>\n<li>\u00c9tui de rangement<\/li>\n<li>Set d\u2019outils :\n<ul>\n<li>6 pi\u00e8ces :\n<ul>\n<li>1 pince coupante : 160 mm<\/li>\n<li>3 tournevis plats : 0,4 x 2,5 x 75 mm ; 0,8 x 4,0 x 100 mm ; 1,0 x 5,5 x 100 mm<\/li>\n<li>2 tournevis cruciformes : PH1 x 100 mm ; PH2 x 125 mm<\/li>\n<\/ul>\n<\/li>\n<\/ul>\n<\/li>\n<\/ul>\n","protected":false},"excerpt":{"rendered":"<p>Outils isol\u00e9s pour travailler en toute s\u00e9curit\u00e9 sur des pi\u00e8ces sous tension jusqu\u2019\u00e0 1 000 V<\/p>\n","protected":false},"featured_media":4552,"template":"","meta":[],"product_brand":[],"product_cat":[196],"product_tag":[],"class_list":{"0":"post-4551","1":"product","2":"type-product","3":"status-publish","4":"has-post-thumbnail","6":"product_cat-parkside","8":"first","9":"outofstock","10":"sale","11":"taxable","12":"shipping-taxable","13":"purchasable","14":"product-type-simple"},"yoast_head":"<!-- This site is optimized with the Yoast SEO plugin v25.3.1 - https:\/\/yoast.com\/wordpress\/plugins\/seo\/ -->\n<title>Set d\u2019outils de tournevis et une pince isol\u00e9s tension max 1000 V - KraftMuller Maroc<\/title>\n<meta name=\"robots\" content=\"index, follow, max-snippet:-1, max-image-preview:large, max-video-preview:-1\" \/>\n<link rel=\"canonical\" href=\"https:\/\/kraftmuller.ma\/?product=set-doutils-ou-set-de-tournevis-a-douille-1-000-v\" \/>\n<meta property=\"og:locale\" content=\"fr_FR\" \/>\n<meta property=\"og:type\" content=\"article\" \/>\n<meta property=\"og:title\" content=\"Set d\u2019outils de tournevis et une pince isol\u00e9s tension max 1000 V - KraftMuller Maroc\" \/>\n<meta property=\"og:description\" content=\"Outils isol\u00e9s pour travailler en toute s\u00e9curit\u00e9 sur des pi\u00e8ces sous tension jusqu\u2019\u00e0 1 000 V\" \/>\n<meta property=\"og:url\" content=\"https:\/\/kraftmuller.ma\/?product=set-doutils-ou-set-de-tournevis-a-douille-1-000-v\" \/>\n<meta property=\"og:site_name\" content=\"KraftMuller Maroc\" \/>\n<meta property=\"article:modified_time\" content=\"2026-02-09T12:38:46+00:00\" \/>\n<meta property=\"og:image\" content=\"https:\/\/kraftmuller.ma\/wp-content\/uploads\/2023\/04\/gcp72be034e8e724506957e09088b64388f.jpeg\" \/>\n\t<meta property=\"og:image:width\" content=\"1500\" \/>\n\t<meta property=\"og:image:height\" content=\"1125\" \/>\n\t<meta property=\"og:image:type\" content=\"image\/jpeg\" \/>\n<meta name=\"twitter:card\" content=\"summary_large_image\" \/>\n<script type=\"application\/ld+json\" class=\"yoast-schema-graph\">{\"@context\":\"https:\/\/schema.org\",\"@graph\":[{\"@type\":\"WebPage\",\"@id\":\"https:\/\/kraftmuller.ma\/?product=set-doutils-ou-set-de-tournevis-a-douille-1-000-v\",\"url\":\"https:\/\/kraftmuller.ma\/?product=set-doutils-ou-set-de-tournevis-a-douille-1-000-v\",\"name\":\"Set d\u2019outils de tournevis et une pince isol\u00e9s tension max 1000 V - KraftMuller Maroc\",\"isPartOf\":{\"@id\":\"https:\/\/kraftmuller.ma\/#website\"},\"primaryImageOfPage\":{\"@id\":\"https:\/\/kraftmuller.ma\/?product=set-doutils-ou-set-de-tournevis-a-douille-1-000-v#primaryimage\"},\"image\":{\"@id\":\"https:\/\/kraftmuller.ma\/?product=set-doutils-ou-set-de-tournevis-a-douille-1-000-v#primaryimage\"},\"thumbnailUrl\":\"https:\/\/kraftmuller.ma\/wp-content\/uploads\/2023\/04\/gcp72be034e8e724506957e09088b64388f.jpeg\",\"datePublished\":\"2023-04-17T14:53:35+00:00\",\"dateModified\":\"2026-02-09T12:38:46+00:00\",\"breadcrumb\":{\"@id\":\"https:\/\/kraftmuller.ma\/?product=set-doutils-ou-set-de-tournevis-a-douille-1-000-v#breadcrumb\"},\"inLanguage\":\"fr-FR\",\"potentialAction\":[{\"@type\":\"ReadAction\",\"target\":[\"https:\/\/kraftmuller.ma\/?product=set-doutils-ou-set-de-tournevis-a-douille-1-000-v\"]}]},{\"@type\":\"ImageObject\",\"inLanguage\":\"fr-FR\",\"@id\":\"https:\/\/kraftmuller.ma\/?product=set-doutils-ou-set-de-tournevis-a-douille-1-000-v#primaryimage\",\"url\":\"https:\/\/kraftmuller.ma\/wp-content\/uploads\/2023\/04\/gcp72be034e8e724506957e09088b64388f.jpeg\",\"contentUrl\":\"https:\/\/kraftmuller.ma\/wp-content\/uploads\/2023\/04\/gcp72be034e8e724506957e09088b64388f.jpeg\",\"width\":1500,\"height\":1125},{\"@type\":\"BreadcrumbList\",\"@id\":\"https:\/\/kraftmuller.ma\/?product=set-doutils-ou-set-de-tournevis-a-douille-1-000-v#breadcrumb\",\"itemListElement\":[{\"@type\":\"ListItem\",\"position\":1,\"name\":\"Accueil\",\"item\":\"https:\/\/kraftmuller.ma\/\"},{\"@type\":\"ListItem\",\"position\":2,\"name\":\"Shop\",\"item\":\"https:\/\/kraftmuller.ma\/?page_id=121\"},{\"@type\":\"ListItem\",\"position\":3,\"name\":\"Set d\u2019outils de tournevis et une pince isol\u00e9s tension max 1000 V\"}]},{\"@type\":\"WebSite\",\"@id\":\"https:\/\/kraftmuller.ma\/#website\",\"url\":\"https:\/\/kraftmuller.ma\/\",\"name\":\"KraftMuller Maroc\",\"description\":\"Vente de mat\u00e9riel d&#039;outillage\",\"publisher\":{\"@id\":\"https:\/\/kraftmuller.ma\/#organization\"},\"potentialAction\":[{\"@type\":\"SearchAction\",\"target\":{\"@type\":\"EntryPoint\",\"urlTemplate\":\"https:\/\/kraftmuller.ma\/?s={search_term_string}\"},\"query-input\":{\"@type\":\"PropertyValueSpecification\",\"valueRequired\":true,\"valueName\":\"search_term_string\"}}],\"inLanguage\":\"fr-FR\"},{\"@type\":\"Organization\",\"@id\":\"https:\/\/kraftmuller.ma\/#organization\",\"name\":\"KraftMuller Maroc\",\"url\":\"https:\/\/kraftmuller.ma\/\",\"logo\":{\"@type\":\"ImageObject\",\"inLanguage\":\"fr-FR\",\"@id\":\"https:\/\/kraftmuller.ma\/#\/schema\/logo\/image\/\",\"url\":\"https:\/\/kraftmuller.ma\/wp-content\/uploads\/2023\/04\/kraftunited.png\",\"contentUrl\":\"https:\/\/kraftmuller.ma\/wp-content\/uploads\/2023\/04\/kraftunited.png\",\"width\":1214,\"height\":163,\"caption\":\"KraftMuller Maroc\"},\"image\":{\"@id\":\"https:\/\/kraftmuller.ma\/#\/schema\/logo\/image\/\"}}]}<\/script>\n<!-- \/ Yoast SEO plugin. -->","yoast_head_json":{"title":"Set d\u2019outils de tournevis et une pince isol\u00e9s tension max 1000 V - KraftMuller Maroc","robots":{"index":"index","follow":"follow","max-snippet":"max-snippet:-1","max-image-preview":"max-image-preview:large","max-video-preview":"max-video-preview:-1"},"canonical":"https:\/\/kraftmuller.ma\/?product=set-doutils-ou-set-de-tournevis-a-douille-1-000-v","og_locale":"fr_FR","og_type":"article","og_title":"Set d\u2019outils de tournevis et une pince isol\u00e9s tension max 1000 V - KraftMuller Maroc","og_description":"Outils isol\u00e9s pour travailler en toute s\u00e9curit\u00e9 sur des pi\u00e8ces sous tension jusqu\u2019\u00e0 1 000 V","og_url":"https:\/\/kraftmuller.ma\/?product=set-doutils-ou-set-de-tournevis-a-douille-1-000-v","og_site_name":"KraftMuller Maroc","article_modified_time":"2026-02-09T12:38:46+00:00","og_image":[{"width":1500,"height":1125,"url":"https:\/\/kraftmuller.ma\/wp-content\/uploads\/2023\/04\/gcp72be034e8e724506957e09088b64388f.jpeg","type":"image\/jpeg"}],"twitter_card":"summary_large_image","schema":{"@context":"https:\/\/schema.org","@graph":[{"@type":"WebPage","@id":"https:\/\/kraftmuller.ma\/?product=set-doutils-ou-set-de-tournevis-a-douille-1-000-v","url":"https:\/\/kraftmuller.ma\/?product=set-doutils-ou-set-de-tournevis-a-douille-1-000-v","name":"Set d\u2019outils de tournevis et une pince isol\u00e9s tension max 1000 V - KraftMuller Maroc","isPartOf":{"@id":"https:\/\/kraftmuller.ma\/#website"},"primaryImageOfPage":{"@id":"https:\/\/kraftmuller.ma\/?product=set-doutils-ou-set-de-tournevis-a-douille-1-000-v#primaryimage"},"image":{"@id":"https:\/\/kraftmuller.ma\/?product=set-doutils-ou-set-de-tournevis-a-douille-1-000-v#primaryimage"},"thumbnailUrl":"https:\/\/kraftmuller.ma\/wp-content\/uploads\/2023\/04\/gcp72be034e8e724506957e09088b64388f.jpeg","datePublished":"2023-04-17T14:53:35+00:00","dateModified":"2026-02-09T12:38:46+00:00","breadcrumb":{"@id":"https:\/\/kraftmuller.ma\/?product=set-doutils-ou-set-de-tournevis-a-douille-1-000-v#breadcrumb"},"inLanguage":"fr-FR","potentialAction":[{"@type":"ReadAction","target":["https:\/\/kraftmuller.ma\/?product=set-doutils-ou-set-de-tournevis-a-douille-1-000-v"]}]},{"@type":"ImageObject","inLanguage":"fr-FR","@id":"https:\/\/kraftmuller.ma\/?product=set-doutils-ou-set-de-tournevis-a-douille-1-000-v#primaryimage","url":"https:\/\/kraftmuller.ma\/wp-content\/uploads\/2023\/04\/gcp72be034e8e724506957e09088b64388f.jpeg","contentUrl":"https:\/\/kraftmuller.ma\/wp-content\/uploads\/2023\/04\/gcp72be034e8e724506957e09088b64388f.jpeg","width":1500,"height":1125},{"@type":"BreadcrumbList","@id":"https:\/\/kraftmuller.ma\/?product=set-doutils-ou-set-de-tournevis-a-douille-1-000-v#breadcrumb","itemListElement":[{"@type":"ListItem","position":1,"name":"Accueil","item":"https:\/\/kraftmuller.ma\/"},{"@type":"ListItem","position":2,"name":"Shop","item":"https:\/\/kraftmuller.ma\/?page_id=121"},{"@type":"ListItem","position":3,"name":"Set d\u2019outils de tournevis et une pince isol\u00e9s tension max 1000 V"}]},{"@type":"WebSite","@id":"https:\/\/kraftmuller.ma\/#website","url":"https:\/\/kraftmuller.ma\/","name":"KraftMuller Maroc","description":"Vente de mat\u00e9riel d&#039;outillage","publisher":{"@id":"https:\/\/kraftmuller.ma\/#organization"},"potentialAction":[{"@type":"SearchAction","target":{"@type":"EntryPoint","urlTemplate":"https:\/\/kraftmuller.ma\/?s={search_term_string}"},"query-input":{"@type":"PropertyValueSpecification","valueRequired":true,"valueName":"search_term_string"}}],"inLanguage":"fr-FR"},{"@type":"Organization","@id":"https:\/\/kraftmuller.ma\/#organization","name":"KraftMuller Maroc","url":"https:\/\/kraftmuller.ma\/","logo":{"@type":"ImageObject","inLanguage":"fr-FR","@id":"https:\/\/kraftmuller.ma\/#\/schema\/logo\/image\/","url":"https:\/\/kraftmuller.ma\/wp-content\/uploads\/2023\/04\/kraftunited.png","contentUrl":"https:\/\/kraftmuller.ma\/wp-content\/uploads\/2023\/04\/kraftunited.png","width":1214,"height":163,"caption":"KraftMuller Maroc"},"image":{"@id":"https:\/\/kraftmuller.ma\/#\/schema\/logo\/image\/"}}]}},"jetpack_sharing_enabled":true,"_links":{"self":[{"href":"https:\/\/kraftmuller.ma\/index.php?rest_route=\/wp\/v2\/product\/4551","targetHints":{"allow":["GET"]}}],"collection":[{"href":"https:\/\/kraftmuller.ma\/index.php?rest_route=\/wp\/v2\/product"}],"about":[{"href":"https:\/\/kraftmuller.ma\/index.php?rest_route=\/wp\/v2\/types\/product"}],"version-history":[{"count":2,"href":"https:\/\/kraftmuller.ma\/index.php?rest_route=\/wp\/v2\/product\/4551\/revisions"}],"predecessor-version":[{"id":6361,"href":"https:\/\/kraftmuller.ma\/index.php?rest_route=\/wp\/v2\/product\/4551\/revisions\/6361"}],"wp:featuredmedia":[{"embeddable":true,"href":"https:\/\/kraftmuller.ma\/index.php?rest_route=\/wp\/v2\/media\/4552"}],"wp:attachment":[{"href":"https:\/\/kraftmuller.ma\/index.php?rest_route=%2Fwp%2Fv2%2Fmedia&parent=4551"}],"wp:term":[{"taxonomy":"product_brand","embeddable":true,"href":"https:\/\/kraftmuller.ma\/index.php?rest_route=%2Fwp%2Fv2%2Fproduct_brand&post=4551"},{"taxonomy":"product_cat","embeddable":true,"href":"https:\/\/kraftmuller.ma\/index.php?rest_route=%2Fwp%2Fv2%2Fproduct_cat&post=4551"},{"taxonomy":"product_tag","embeddable":true,"href":"https:\/\/kraftmuller.ma\/index.php?rest_route=%2Fwp%2Fv2%2Fproduct_tag&post=4551"}],"curies":[{"name":"wp","href":"https:\/\/api.w.org\/{rel}","templated":true}]}}