{"id":3558,"date":"2022-11-01T08:46:40","date_gmt":"2022-11-01T08:46:40","guid":{"rendered":"https:\/\/klbtheme.com\/partdo\/?page_id=3558"},"modified":"2023-05-04T12:21:40","modified_gmt":"2023-05-04T10:21:40","slug":"terms-and-conditions","status":"publish","type":"page","link":"https:\/\/kraftmuller.ma\/?page_id=3558","title":{"rendered":"Termes et conditions"},"content":{"rendered":"<h3>Introduction<\/h3>\n<p>Les pr\u00e9sentes conditions g\u00e9n\u00e9rales d&rsquo;utilisation (ci-apr\u00e8s les \u00ab\u00a0CGU\u00a0\u00bb) s&rsquo;appliquent \u00e0 l&rsquo;utilisation du site internet Kraftmuller.ma (ci-apr\u00e8s le \u00ab\u00a0Site\u00a0\u00bb). Le Site est la propri\u00e9t\u00e9 de UNITED R GROUP, une soci\u00e9t\u00e9 SARLAU immatricul\u00e9e au registre du commerce de Casablanca et dont le si\u00e8ge social est situ\u00e9 \u00e0 Res Al Houda Rue Mohamed Balfrej Gh2 Imm 90 Apt 15 Sidi Moumen Casablanca. En utilisant le Site, vous acceptez pleinement et sans r\u00e9serve les CGU. Si vous n&rsquo;acceptez pas les CGU, vous ne devez pas utiliser le Site.<\/p>\n<h3>Conditions d&rsquo;utilisation<\/h3>\n<p>a. Vous devez avoir au moins 18 ans pour utiliser le Site.<\/p>\n<p>b. Vous ne pouvez pas utiliser le Site \u00e0 des fins ill\u00e9gales ou frauduleuses.<\/p>\n<p>c. Vous devez fournir des informations exactes et \u00e0 jour lors de la cr\u00e9ation de votre compte et lors de l&rsquo;achat de produits sur le Site.<\/p>\n<p>d. Vous ne devez pas utiliser le Site pour harceler, menacer, diffamer ou violer les droits de tiers.<\/p>\n<p>e. Vous ne devez pas utiliser le Site pour collecter des informations personnelles sur d&rsquo;autres utilisateurs.<\/p>\n<p>f. Nous nous r\u00e9servons le droit de refuser l&rsquo;acc\u00e8s au Site \u00e0 tout moment et sans pr\u00e9avis si nous consid\u00e9rons que vous ne respectez pas les CGU.<\/p>\n<h3>Propri\u00e9t\u00e9 intellectuelle<\/h3>\n<p>a. Le contenu du Site, y compris les textes, les images, les graphiques, les logos, les marques de commerce et les logiciels, est la propri\u00e9t\u00e9 de UNITED R GROUP ou de ses fournisseurs et est prot\u00e9g\u00e9 par les lois sur la propri\u00e9t\u00e9 intellectuelle en vigueur au Maroc.<\/p>\n<p>b. Vous ne pouvez pas copier, modifier, distribuer ou utiliser le contenu du Site sans l&rsquo;autorisation \u00e9crite de UNITED R GROUP.<\/p>\n<h3>Commandes et paiement<\/h3>\n<p>a. Les produits affich\u00e9s sur le Site sont propos\u00e9s \u00e0 la vente dans la limite des stocks disponibles.<\/p>\n<p>b. Les prix des produits sont indiqu\u00e9s en dirhams marocains (MAD) et incluent la TVA applicable.<\/p>\n<p>c. Vous pouvez passer une commande en suivant les \u00e9tapes indiqu\u00e9es sur le Site.<\/p>\n<p>d. Les paiements sont s\u00e9curis\u00e9s et peuvent \u00eatre effectu\u00e9s par carte bancaire ou virement bancaire. e. Nous nous r\u00e9servons le droit de refuser toute commande pour des raisons l\u00e9gitimes.<\/p>\n<h3>Livraison<\/h3>\n<p>a. Nous livrons uniquement au Maroc.<\/p>\n<p>b. Les d\u00e9lais de livraison d\u00e9pendent de la disponibilit\u00e9 des produits et du lieu de livraison.<\/p>\n<p>c. Les frais de livraison sont indiqu\u00e9s lors du processus de commande.<\/p>\n<h3>Garanties et retours<\/h3>\n<p>a. Nous garantissons que les produits vendus sur le Site sont conformes aux normes de qualit\u00e9 en vigueur au Maroc.<\/p>\n<p>b. Si vous n&rsquo;\u00eates pas satisfait d&rsquo;un produit, vous pouvez le retourner dans les 7 jours suivant la r\u00e9ception.<\/p>\n","protected":false},"excerpt":{"rendered":"<p>Introduction Les pr\u00e9sentes conditions g\u00e9n\u00e9rales d&rsquo;utilisation (ci-apr\u00e8s les \u00ab\u00a0CGU\u00a0\u00bb) s&rsquo;appliquent \u00e0 l&rsquo;utilisation du site internet Kraftmuller.ma (ci-apr\u00e8s le \u00ab\u00a0Site\u00a0\u00bb). Le Site est la propri\u00e9t\u00e9 de UNITED R GROUP, une soci\u00e9t\u00e9 SARLAU immatricul\u00e9e au registre du commerce de Casablanca et dont le si\u00e8ge social est situ\u00e9 \u00e0 Res Al Houda Rue Mohamed Balfrej Gh2 Imm 90<\/p>\n<div class=\"klb-readmore button\"><a class=\"btn link\" href=\"https:\/\/kraftmuller.ma\/?page_id=3558\">Read More <i class=\"klbth-icon-right-arrow\"><\/i><\/a><\/div>\n","protected":false},"author":1,"featured_media":0,"parent":0,"menu_order":0,"comment_status":"closed","ping_status":"closed","template":"","meta":{"footnotes":""},"class_list":["post-3558","page","type-page","status-publish","hentry"],"yoast_head":"<!-- This site is optimized with the Yoast SEO plugin v25.3.1 - https:\/\/yoast.com\/wordpress\/plugins\/seo\/ -->\n<title>Termes et conditions - KraftMuller Maroc<\/title>\n<meta name=\"description\" content=\"Les pr\u00e9sentes conditions g\u00e9n\u00e9rales d&#039;utilisation (ci-apr\u00e8s les &quot;CGU&quot;) s&#039;appliquent \u00e0 l&#039;utilisation du site internet Kraftmuller.ma (ci-apr\u00e8s le &quot;Site&quot;)\" \/>\n<meta name=\"robots\" content=\"index, follow, max-snippet:-1, max-image-preview:large, max-video-preview:-1\" \/>\n<link rel=\"canonical\" href=\"https:\/\/kraftmuller.ma\/?page_id=3558\" \/>\n<meta property=\"og:locale\" content=\"fr_FR\" \/>\n<meta property=\"og:type\" content=\"article\" \/>\n<meta property=\"og:title\" content=\"Termes et conditions - KraftMuller Maroc\" \/>\n<meta property=\"og:description\" content=\"Les pr\u00e9sentes conditions g\u00e9n\u00e9rales d&#039;utilisation (ci-apr\u00e8s les &quot;CGU&quot;) s&#039;appliquent \u00e0 l&#039;utilisation du site internet Kraftmuller.ma (ci-apr\u00e8s le &quot;Site&quot;)\" \/>\n<meta property=\"og:url\" content=\"https:\/\/kraftmuller.ma\/?page_id=3558\" \/>\n<meta property=\"og:site_name\" content=\"KraftMuller Maroc\" \/>\n<meta property=\"article:modified_time\" content=\"2023-05-04T10:21:40+00:00\" \/>\n<meta name=\"twitter:card\" content=\"summary_large_image\" \/>\n<meta name=\"twitter:label1\" content=\"Dur\u00e9e de lecture estim\u00e9e\" \/>\n\t<meta name=\"twitter:data1\" content=\"2 minutes\" \/>\n<script type=\"application\/ld+json\" class=\"yoast-schema-graph\">{\"@context\":\"https:\/\/schema.org\",\"@graph\":[{\"@type\":\"WebPage\",\"@id\":\"https:\/\/kraftmuller.ma\/?page_id=3558\",\"url\":\"https:\/\/kraftmuller.ma\/?page_id=3558\",\"name\":\"Termes et conditions - KraftMuller Maroc\",\"isPartOf\":{\"@id\":\"https:\/\/kraftmuller.ma\/#website\"},\"datePublished\":\"2022-11-01T08:46:40+00:00\",\"dateModified\":\"2023-05-04T10:21:40+00:00\",\"description\":\"Les pr\u00e9sentes conditions g\u00e9n\u00e9rales d'utilisation (ci-apr\u00e8s les \\\"CGU\\\") s'appliquent \u00e0 l'utilisation du site internet Kraftmuller.ma (ci-apr\u00e8s le \\\"Site\\\")\",\"breadcrumb\":{\"@id\":\"https:\/\/kraftmuller.ma\/?page_id=3558#breadcrumb\"},\"inLanguage\":\"fr-FR\",\"potentialAction\":[{\"@type\":\"ReadAction\",\"target\":[\"https:\/\/kraftmuller.ma\/?page_id=3558\"]}]},{\"@type\":\"BreadcrumbList\",\"@id\":\"https:\/\/kraftmuller.ma\/?page_id=3558#breadcrumb\",\"itemListElement\":[{\"@type\":\"ListItem\",\"position\":1,\"name\":\"Accueil\",\"item\":\"https:\/\/kraftmuller.ma\/\"},{\"@type\":\"ListItem\",\"position\":2,\"name\":\"Termes et conditions\"}]},{\"@type\":\"WebSite\",\"@id\":\"https:\/\/kraftmuller.ma\/#website\",\"url\":\"https:\/\/kraftmuller.ma\/\",\"name\":\"KraftMuller Maroc\",\"description\":\"Vente de mat\u00e9riel d&#039;outillage\",\"publisher\":{\"@id\":\"https:\/\/kraftmuller.ma\/#organization\"},\"potentialAction\":[{\"@type\":\"SearchAction\",\"target\":{\"@type\":\"EntryPoint\",\"urlTemplate\":\"https:\/\/kraftmuller.ma\/?s={search_term_string}\"},\"query-input\":{\"@type\":\"PropertyValueSpecification\",\"valueRequired\":true,\"valueName\":\"search_term_string\"}}],\"inLanguage\":\"fr-FR\"},{\"@type\":\"Organization\",\"@id\":\"https:\/\/kraftmuller.ma\/#organization\",\"name\":\"KraftMuller Maroc\",\"url\":\"https:\/\/kraftmuller.ma\/\",\"logo\":{\"@type\":\"ImageObject\",\"inLanguage\":\"fr-FR\",\"@id\":\"https:\/\/kraftmuller.ma\/#\/schema\/logo\/image\/\",\"url\":\"https:\/\/kraftmuller.ma\/wp-content\/uploads\/2023\/04\/kraftunited.png\",\"contentUrl\":\"https:\/\/kraftmuller.ma\/wp-content\/uploads\/2023\/04\/kraftunited.png\",\"width\":1214,\"height\":163,\"caption\":\"KraftMuller Maroc\"},\"image\":{\"@id\":\"https:\/\/kraftmuller.ma\/#\/schema\/logo\/image\/\"}}]}<\/script>\n<!-- \/ Yoast SEO plugin. -->","yoast_head_json":{"title":"Termes et conditions - KraftMuller Maroc","description":"Les pr\u00e9sentes conditions g\u00e9n\u00e9rales d'utilisation (ci-apr\u00e8s les \"CGU\") s'appliquent \u00e0 l'utilisation du site internet Kraftmuller.ma (ci-apr\u00e8s le \"Site\")","robots":{"index":"index","follow":"follow","max-snippet":"max-snippet:-1","max-image-preview":"max-image-preview:large","max-video-preview":"max-video-preview:-1"},"canonical":"https:\/\/kraftmuller.ma\/?page_id=3558","og_locale":"fr_FR","og_type":"article","og_title":"Termes et conditions - KraftMuller Maroc","og_description":"Les pr\u00e9sentes conditions g\u00e9n\u00e9rales d'utilisation (ci-apr\u00e8s les \"CGU\") s'appliquent \u00e0 l'utilisation du site internet Kraftmuller.ma (ci-apr\u00e8s le \"Site\")","og_url":"https:\/\/kraftmuller.ma\/?page_id=3558","og_site_name":"KraftMuller Maroc","article_modified_time":"2023-05-04T10:21:40+00:00","twitter_card":"summary_large_image","twitter_misc":{"Dur\u00e9e de lecture estim\u00e9e":"2 minutes"},"schema":{"@context":"https:\/\/schema.org","@graph":[{"@type":"WebPage","@id":"https:\/\/kraftmuller.ma\/?page_id=3558","url":"https:\/\/kraftmuller.ma\/?page_id=3558","name":"Termes et conditions - KraftMuller Maroc","isPartOf":{"@id":"https:\/\/kraftmuller.ma\/#website"},"datePublished":"2022-11-01T08:46:40+00:00","dateModified":"2023-05-04T10:21:40+00:00","description":"Les pr\u00e9sentes conditions g\u00e9n\u00e9rales d'utilisation (ci-apr\u00e8s les \"CGU\") s'appliquent \u00e0 l'utilisation du site internet Kraftmuller.ma (ci-apr\u00e8s le \"Site\")","breadcrumb":{"@id":"https:\/\/kraftmuller.ma\/?page_id=3558#breadcrumb"},"inLanguage":"fr-FR","potentialAction":[{"@type":"ReadAction","target":["https:\/\/kraftmuller.ma\/?page_id=3558"]}]},{"@type":"BreadcrumbList","@id":"https:\/\/kraftmuller.ma\/?page_id=3558#breadcrumb","itemListElement":[{"@type":"ListItem","position":1,"name":"Accueil","item":"https:\/\/kraftmuller.ma\/"},{"@type":"ListItem","position":2,"name":"Termes et conditions"}]},{"@type":"WebSite","@id":"https:\/\/kraftmuller.ma\/#website","url":"https:\/\/kraftmuller.ma\/","name":"KraftMuller Maroc","description":"Vente de mat\u00e9riel d&#039;outillage","publisher":{"@id":"https:\/\/kraftmuller.ma\/#organization"},"potentialAction":[{"@type":"SearchAction","target":{"@type":"EntryPoint","urlTemplate":"https:\/\/kraftmuller.ma\/?s={search_term_string}"},"query-input":{"@type":"PropertyValueSpecification","valueRequired":true,"valueName":"search_term_string"}}],"inLanguage":"fr-FR"},{"@type":"Organization","@id":"https:\/\/kraftmuller.ma\/#organization","name":"KraftMuller Maroc","url":"https:\/\/kraftmuller.ma\/","logo":{"@type":"ImageObject","inLanguage":"fr-FR","@id":"https:\/\/kraftmuller.ma\/#\/schema\/logo\/image\/","url":"https:\/\/kraftmuller.ma\/wp-content\/uploads\/2023\/04\/kraftunited.png","contentUrl":"https:\/\/kraftmuller.ma\/wp-content\/uploads\/2023\/04\/kraftunited.png","width":1214,"height":163,"caption":"KraftMuller Maroc"},"image":{"@id":"https:\/\/kraftmuller.ma\/#\/schema\/logo\/image\/"}}]}},"jetpack_sharing_enabled":true,"_links":{"self":[{"href":"https:\/\/kraftmuller.ma\/index.php?rest_route=\/wp\/v2\/pages\/3558","targetHints":{"allow":["GET"]}}],"collection":[{"href":"https:\/\/kraftmuller.ma\/index.php?rest_route=\/wp\/v2\/pages"}],"about":[{"href":"https:\/\/kraftmuller.ma\/index.php?rest_route=\/wp\/v2\/types\/page"}],"author":[{"embeddable":true,"href":"https:\/\/kraftmuller.ma\/index.php?rest_route=\/wp\/v2\/users\/1"}],"replies":[{"embeddable":true,"href":"https:\/\/kraftmuller.ma\/index.php?rest_route=%2Fwp%2Fv2%2Fcomments&post=3558"}],"version-history":[{"count":5,"href":"https:\/\/kraftmuller.ma\/index.php?rest_route=\/wp\/v2\/pages\/3558\/revisions"}],"predecessor-version":[{"id":5574,"href":"https:\/\/kraftmuller.ma\/index.php?rest_route=\/wp\/v2\/pages\/3558\/revisions\/5574"}],"wp:attachment":[{"href":"https:\/\/kraftmuller.ma\/index.php?rest_route=%2Fwp%2Fv2%2Fmedia&parent=3558"}],"curies":[{"name":"wp","href":"https:\/\/api.w.org\/{rel}","templated":true}]}}